{"id":14087,"date":"2023-02-02T14:22:24","date_gmt":"2023-02-02T13:22:24","guid":{"rendered":"https:\/\/noupasseigmaritimdepalma.portsdebalears.com\/?page_id=14087"},"modified":"2023-02-02T19:04:35","modified_gmt":"2023-02-02T18:04:35","slug":"newsletter","status":"publish","type":"page","link":"https:\/\/noupasseigmaritimdepalma.portsdebalears.com\/es\/newsletter\/","title":{"rendered":"Newsletter"},"content":{"rendered":"\n<h2 class=\"wp-block-heading\"><strong>Cl\u00e1usula informativa<\/strong><\/h2>\n\n\n\n<p>REGLAMENTO EUROPEO 679\/2016 DE PROTECCI\u00d3N DE DATOS PERSONALES<br>LEY ORG\u00c1NICA 3\/2018 DE PROTECCI\u00d3N DE DATOS PERSONALES Y GARANT\u00cdA DE LOS DERECHOS DIGITALES<\/p>\n\n\n\n<h2 class=\"wp-block-heading\"><strong>Responsable del tratamiento<\/strong><\/h2>\n\n\n\n<p>Le informamos que los datos personales que Usted nos proporciona son incorporados a un tratamiento de datos personales denominado NEWSLETTER cuyo responsable es AUTORITAT PORTU\u00c0RIA DE BALEARSLEARS con NIFQ 0767004E y con domicilio en MOLL VELL, 3-5 PALMA 07012, ILLES BALEARS (ESPA\u00d1A). Puede contactar con el Responsable mediante correo electr\u00f3nico en el buz\u00f3n <a href=\"mailto:gdpr-dpo@portsdebalears.com\">gdpr-dpo@portsdebalears.com<\/a>&nbsp;<\/p>\n\n\n\n<h2 class=\"wp-block-heading\"><strong>Delegado de protecci\u00f3n de datos<\/strong><\/h2>\n\n\n\n<p>El responsable del tratamiento de sus datos es la Autoridad Portuaria de Baleares, con domicilio en C\/ Moll Vell, 3-5 7012 Palma, y C.I.F. n\u00ba Q 0767004E<\/p>\n\n\n\n<h2 class=\"wp-block-heading\">Finalidad del tratamiento<\/h2>\n\n\n\n<p>La finalidad consistir\u00e1 en crear una base de datos de usuarios para el env\u00edo de newsletter. Publicidad y prospecci\u00f3n comercial Mantenimiento de un bolet\u00edn de noticias en l\u00ednea o newsletter.<\/p>\n\n\n\n<h2 class=\"wp-block-heading\">Plazo de conservaci\u00f3n<\/h2>\n\n\n\n<p>Los datos personales proporcionados se conservar\u00e1n durante el tiempo necesario para cumplir con la finalidad para la que se recabaron y para determinar las posibles responsabilidades que se pudieran derivar de dicha finalidad y del tratamiento de los datos, es decir, hasta el momento de la solicitud de baja del servicio newsletter. Asimismo, la APB, como parte de la Administraci\u00f3n General del Estado conservar\u00e1 los datos seg\u00fan las obligaciones legales que le sean aplicables y respetando lo dispuesto en la normativa de archivos y documentaci\u00f3n aplicable.<\/p>\n\n\n\n<h2 class=\"wp-block-heading\"><strong>Decisiones automatizadas y elaboraci\u00f3n de perfiles<\/strong><\/h2>\n\n\n\n<p>No se toman decisiones automatizadas ni se elaboran perfiles.<\/p>\n\n\n\n<h2 class=\"wp-block-heading\"><strong>Base jur\u00eddica del tratamiento<\/strong><\/h2>\n\n\n\n<p>CONSENTIMIENTO DEL INTERESADO, Para las finalidades que han sido especificadas y tipificadas en la secci\u00f3n anterior, el consentimiento del interesado debe ser expreso y derivar de una clara acci\u00f3n afirmativa.<\/p>\n\n\n\n<h2 class=\"wp-block-heading\"><strong>Destinatarios de cesiones<\/strong><\/h2>\n\n\n\n<p>La APB solo podr\u00e1 comunicar sus datos cuando sea necesario para el cumplimiento de obligaciones legales o cuando una Ley le confiera la competencia para hacerlo. Fuera de estos supuestos, la APB deber\u00e1 requerirle su consentimiento para la cesi\u00f3n de sus datos personales a otro organismo o empresa.<\/p>\n\n\n\n<h2 class=\"wp-block-heading\"><strong>Transferencias internacionales<\/strong><\/h2>\n\n\n\n<p>No se realizar\u00e1n transferencias internacionales de datos personales.<\/p>\n\n\n\n<h2 class=\"wp-block-heading\"><strong>Derechos de los interesados<\/strong><\/h2>\n\n\n\n<p>De acuerdo con la legislaci\u00f3n vigente tiene los siguientes derechos:<\/p>\n\n\n\n<ul class=\"wp-block-list\">\n<li>Derecho a solicitar el acceso a sus datos personales.<\/li>\n\n\n\n<li>Derecho a solicitar su rectificaci\u00f3n o supresi\u00f3n.<\/li>\n\n\n\n<li>Derecho a solicitar la limitaci\u00f3n de su tratamiento<\/li>\n\n\n\n<li>Derecho a oponerse al tratamiento.<\/li>\n\n\n\n<li>Derecho a la portabilidad de los datos.<\/li>\n<\/ul>\n\n\n\n<p>Para ejercer sus derechos, debe dirigirse al responsable, solicitando el correspondiente formulario para el ejercicio del derecho elegido. Opcionalmente, puede redirigir al interesado a la Autoridad de Control competente para obtener informaci\u00f3n adicional acerca de sus derechos.<\/p>\n","protected":false},"excerpt":{"rendered":"<p>Cl\u00e1usula informativa REGLAMENTO EUROPEO 679\/2016 DE PROTECCI\u00d3N DE DATOS PERSONALESLEY ORG\u00c1NICA 3\/2018 DE PROTECCI\u00d3N DE DATOS PERSONALES Y GARANT\u00cdA DE LOS DERECHOS DIGITALES Responsable del tratamiento Le informamos que los datos personales que Usted nos proporciona son incorporados a un tratamiento&#8230;<\/p>\n","protected":false},"author":1,"featured_media":0,"parent":0,"menu_order":0,"comment_status":"closed","ping_status":"closed","template":"","meta":{"footnotes":""},"class_list":["post-14087","page","type-page","status-publish","hentry"],"aioseo_notices":[],"_links":{"self":[{"href":"https:\/\/noupasseigmaritimdepalma.portsdebalears.com\/es\/wp-json\/wp\/v2\/pages\/14087","targetHints":{"allow":["GET"]}}],"collection":[{"href":"https:\/\/noupasseigmaritimdepalma.portsdebalears.com\/es\/wp-json\/wp\/v2\/pages"}],"about":[{"href":"https:\/\/noupasseigmaritimdepalma.portsdebalears.com\/es\/wp-json\/wp\/v2\/types\/page"}],"author":[{"embeddable":true,"href":"https:\/\/noupasseigmaritimdepalma.portsdebalears.com\/es\/wp-json\/wp\/v2\/users\/1"}],"replies":[{"embeddable":true,"href":"https:\/\/noupasseigmaritimdepalma.portsdebalears.com\/es\/wp-json\/wp\/v2\/comments?post=14087"}],"version-history":[{"count":2,"href":"https:\/\/noupasseigmaritimdepalma.portsdebalears.com\/es\/wp-json\/wp\/v2\/pages\/14087\/revisions"}],"predecessor-version":[{"id":14112,"href":"https:\/\/noupasseigmaritimdepalma.portsdebalears.com\/es\/wp-json\/wp\/v2\/pages\/14087\/revisions\/14112"}],"wp:attachment":[{"href":"https:\/\/noupasseigmaritimdepalma.portsdebalears.com\/es\/wp-json\/wp\/v2\/media?parent=14087"}],"curies":[{"name":"wp","href":"https:\/\/api.w.org\/{rel}","templated":true}]}}