{"id":14066,"date":"2023-02-02T13:44:41","date_gmt":"2023-02-02T12:44:41","guid":{"rendered":"https:\/\/noupasseigmaritimdepalma.portsdebalears.com\/?page_id=14066"},"modified":"2023-05-25T08:26:46","modified_gmt":"2023-05-25T07:26:46","slug":"politica-cookies","status":"publish","type":"page","link":"https:\/\/noupasseigmaritimdepalma.portsdebalears.com\/es\/politica-cookies\/","title":{"rendered":"Pol\u00edtica de Cookies"},"content":{"rendered":"\n<h2 class=\"wp-block-heading\">Pol\u00edtica de Cookies<\/h2>\n\n\n\n<p>Este sitio web utiliza cookies (peque\u00f1os archivos de informaci\u00f3n que el servidor env\u00eda al ordenador de quien accede a la p\u00e1gina) para el correcto funcionamiento y visualizaci\u00f3n de la web por parte del usuario. En concreto, se utilizan las siguientes cookies:<\/p>\n\n\n\n<h2 class=\"wp-block-heading\">Cookies Clasificadas<\/h2>\n\n\n\n<figure class=\"wp-block-table\"><table><tbody><tr><td><strong>Nombre<\/strong><\/td><td><strong>Titularidad<\/strong><\/td><td><strong>Caducidad<\/strong><\/td><td><strong>Pr\u00f3posito<\/strong><\/td><td><strong>Tipo<\/strong><\/td><\/tr><tr><td>cookieyes-consent<\/td><td>noupasseigmaritimdepalma.portsdebalears.com<\/td><td>1 a\u00f1o<\/td><td>Recordar las preferencias de consentimiento de los usuarios para que se respeten sus preferencias en las visitas posteriores a este sitio. No recopila ni almacena ninguna informaci\u00f3n personal sobre los visitantes del sitio.<\/td><td>Necesarias<\/td><\/tr><tr><td>wp-wpml_current_language<\/td><td>noupasseigmaritimdepalma.portsdebalears.com<\/td><td>Sesi\u00f3n<\/td><td>Almacenar la configuraci\u00f3n actual de idioma.<\/td><td>Funcionales<\/td><\/tr><tr><td>_ga_*<\/td><td>.portsdebalears.com<\/td><td>1 a\u00f1o 1 mes y 4 d\u00edas<\/td><td>Almacenar y contar las p\u00e1ginas vistas.<\/td><td>Anal\u00edtica<\/td><\/tr><tr><td>_ga<\/td><td>.portsdebalears.com<\/td><td>1 a\u00f1o 1 mes y 4 d\u00edas<\/td><td>Calcular los datos de visitantes, sesiones y campa\u00f1as y hacer un seguimiento del uso del sitio para el informe de an\u00e1lisis del sitio. La cookie almacena informaci\u00f3n de forma an\u00f3nima y asigna un n\u00famero generado aleatoriamente para reconocer a los visitantes \u00fanicos.<\/td><td>Anal\u00edtica<\/td><\/tr><tr><td>_gid<\/td><td>.portsdebalears.com<\/td><td>1 d\u00eda<\/td><td>Almacenar informaci\u00f3n sobre c\u00f3mo los visitantes utilizan un sitio web mientras que tambi\u00e9n crea un informe anal\u00edtico del rendimiento del sitio web. Algunos de los datos recogidos incluyen el n\u00famero de visitantes, su fuente y las p\u00e1ginas que visitan de forma an\u00f3nima.<\/td><td>Anal\u00edtica<\/td><\/tr><tr><td>gat_gtag_UA*<\/td><td>.portsdebalears.com<\/td><td>1 minuto<\/td><td>Almacenar un identificador de usuario \u00fanico.<\/td><td>Anal\u00edtica<\/td><\/tr><tr><td>INGRESSCOOKIE<\/td><td>api2.hcaptcha.com<\/td><td>Sesi\u00f3n<\/td><td>Esta cookie se utiliza para el equilibrio de carga y la adhesi\u00f3n de la sesi\u00f3n. Este identificador de sesi\u00f3n t\u00e9cnica es necesario para algunas funciones del sitio web.<\/td><td>Rendimiento<\/td><\/tr><\/tbody><\/table><\/figure>\n\n\n\n<ul class=\"wp-block-list\">\n<li>Internet Explorer:&nbsp;<a href=\"http:\/\/windows.microsoft.com\/es-xl\/internet-explorer\/delete-manage-cookies#ie=\">windows.microsoft.com\/es-xl\/internet-explorer\/delete-manage-cookies#ie=\u00bbie-10&#8243;<\/a><\/li>\n\n\n\n<li>FireFox:&nbsp;<a href=\"http:\/\/support.mozilla.org\/es\/kb\/Borrar%20cookies\" target=\"_blank\" rel=\"noreferrer noopener\">support.mozilla.org\/es\/kb\/Borrar%20cookies&nbsp;<\/a><\/li>\n\n\n\n<li>Chrome:&nbsp;<a href=\"http:\/\/support.google.com\/chrome\/answer\/95647?hl=\">support.google.com\/chrome\/answer\/95647?hl=\u00bbes\u00bb<\/a><\/li>\n\n\n\n<li>Safari:&nbsp;<a href=\"http:\/\/www.apple.com\/es\/privacy\/use-of-cookies\/\" target=\"_blank\" rel=\"noreferrer noopener\">www.apple.com\/es\/privacy\/use-of-cookies\/<\/a><\/li>\n<\/ul>\n\n\n\n<p>Adem\u00e1s, tambi\u00e9n puede gestionar el almac\u00e9n de cookies en su navegador a trav\u00e9s de herramientas como las siguientes:<\/p>\n\n\n\n<ul class=\"wp-block-list\">\n<li>Ghostery:&nbsp;<a href=\"http:\/\/www.ghostery.com\/\" target=\"_blank\" rel=\"noreferrer noopener\">www.ghostery.com\/<\/a><\/li>\n\n\n\n<li>Your online choices:&nbsp;<a href=\"http:\/\/www.youronlinechoices.com\/es\/\" target=\"_blank\" rel=\"noreferrer noopener\">www.youronlinechoices.com\/es\/<\/a><\/li>\n<\/ul>\n","protected":false},"excerpt":{"rendered":"<p>Pol\u00edtica de Cookies Este sitio web utiliza cookies (peque\u00f1os archivos de informaci\u00f3n que el servidor env\u00eda al ordenador de quien accede a la p\u00e1gina) para el correcto funcionamiento y visualizaci\u00f3n de la web por parte del usuario. En concreto, se utilizan&#8230;<\/p>\n","protected":false},"author":1,"featured_media":0,"parent":0,"menu_order":0,"comment_status":"closed","ping_status":"closed","template":"","meta":{"footnotes":""},"class_list":["post-14066","page","type-page","status-publish","hentry"],"aioseo_notices":[],"_links":{"self":[{"href":"https:\/\/noupasseigmaritimdepalma.portsdebalears.com\/es\/wp-json\/wp\/v2\/pages\/14066","targetHints":{"allow":["GET"]}}],"collection":[{"href":"https:\/\/noupasseigmaritimdepalma.portsdebalears.com\/es\/wp-json\/wp\/v2\/pages"}],"about":[{"href":"https:\/\/noupasseigmaritimdepalma.portsdebalears.com\/es\/wp-json\/wp\/v2\/types\/page"}],"author":[{"embeddable":true,"href":"https:\/\/noupasseigmaritimdepalma.portsdebalears.com\/es\/wp-json\/wp\/v2\/users\/1"}],"replies":[{"embeddable":true,"href":"https:\/\/noupasseigmaritimdepalma.portsdebalears.com\/es\/wp-json\/wp\/v2\/comments?post=14066"}],"version-history":[{"count":6,"href":"https:\/\/noupasseigmaritimdepalma.portsdebalears.com\/es\/wp-json\/wp\/v2\/pages\/14066\/revisions"}],"predecessor-version":[{"id":16030,"href":"https:\/\/noupasseigmaritimdepalma.portsdebalears.com\/es\/wp-json\/wp\/v2\/pages\/14066\/revisions\/16030"}],"wp:attachment":[{"href":"https:\/\/noupasseigmaritimdepalma.portsdebalears.com\/es\/wp-json\/wp\/v2\/media?parent=14066"}],"curies":[{"name":"wp","href":"https:\/\/api.w.org\/{rel}","templated":true}]}}