{"id":14063,"date":"2023-02-02T13:44:02","date_gmt":"2023-02-02T12:44:02","guid":{"rendered":"https:\/\/noupasseigmaritimdepalma.portsdebalears.com\/?page_id=14063"},"modified":"2023-02-02T18:37:57","modified_gmt":"2023-02-02T17:37:57","slug":"aviso-legal","status":"publish","type":"page","link":"https:\/\/noupasseigmaritimdepalma.portsdebalears.com\/es\/aviso-legal\/","title":{"rendered":"Aviso legal"},"content":{"rendered":"\n<h2 class=\"wp-block-heading\">Datos identificativos<\/h2>\n\n\n\n<p>Para dar cumplimiento a lo dispuesto en los apartados 1 y 2 del art\u00edculo 10 de la Ley 34\/2002, de 11 de julio, de Servicios de la Sociedad de la Informaci\u00f3n y de Comercio Electr\u00f3nico (LSSICE) la Autoridad Portuaria de Baleares pone a su disposici\u00f3n la siguiente informaci\u00f3n:<\/p>\n\n\n\n<ul class=\"wp-block-list\">\n<li><strong>Denominaci\u00f3n Social<\/strong>: AUTORITAT PORTU\u00c0RIA DE BALEARS.<\/li>\n\n\n\n<li><strong>Domicilio Social:<\/strong>&nbsp;Moll Vell, 3-5 Palma 07012<\/li>\n\n\n\n<li><strong>Tel\u00e9fono:<\/strong>&nbsp;(+34) 971 22 81 50<\/li>\n\n\n\n<li><strong>Fax:&nbsp;<\/strong>(+34) 971 72 69 48<\/li>\n\n\n\n<li><strong>Correo electr\u00f3nico:<\/strong>&nbsp;<a href=\"mailto:portsdebalears@portsdebalears.com\">portsdebalears@portsdebalears.com<\/a><\/li>\n\n\n\n<li><strong>NIF:&nbsp;<\/strong>Q 0767004E<\/li>\n<\/ul>\n\n\n\n<h2 class=\"wp-block-heading\">Condiciones generales<\/h2>\n\n\n\n<p>Estas son las Condiciones Generales que regulan el uso del Sitio Web de Internet www.portsdebalears.com (en adelante, Sitio Web o www.portsdebalears.com ) que la Autoridad Portuaria de Baleares pone a su disposici\u00f3n como Usuario.<br>La utilizaci\u00f3n de este Sitio Web supone la plena aceptaci\u00f3n por parte del Usuario de las Condiciones Generales de Uso vigentes en el momento en el que el Usuario acceda al mismo, por lo que si \u00e9ste no est\u00e1 de acuerdo con el mismo, no deber\u00e1 hacer uso del Sitio Web.<br>La Autoridad Portuaria de Baleares se reserva el derecho de modificar en cualquier momento las presentes Condiciones Generales de Uso as\u00ed como cualesquiera otras condiciones generales o particulares, reglamentos de uso, instrucciones o avisos que resulten de aplicaci\u00f3n. As\u00ed mismo, se reserva el derecho de suspender, interrumpir o dejar de operar el Sitio Web en cualquier momento.<\/p>\n\n\n\n<p>El acceso a www.portsdebalears.com por parte de los Usuarios tiene car\u00e1cter libre y gratuito.<br>El acceso, navegaci\u00f3n y uso de la p\u00e1gina Web www.portsdebalears.com es responsabilidad del Usuario, por lo que \u00e9ste se compromete a usar los contenidos de forma diligente, correcta y l\u00edcita.<\/p>\n\n\n\n<h2 class=\"wp-block-heading\">Propiedad industrial e intelectual<\/h2>\n\n\n\n<p>Todos los contenidos del Sitio Web www.portsdebalears.com est\u00e1n protegidos por las leyes de Propiedad Industrial e Intelectual.<br>Los contenidos del portal (incluyendo bases de datos, im\u00e1genes, dibujos, fotograf\u00edas, gr\u00e1ficos, archivos de texto, audio, v\u00eddeo y software) son propiedad de la Autoridad Portuaria de Baleares, o de los proveedores de contenidos.<br>Las marcas, nombres comerciales y signos distintivos de cualquier clase que aparecen en el Sitio Web son propiedad de Autoridad Portuaria de Baleares o de sus leg\u00edtimos titulares, como es el caso de los links y Banners publicitarios, y est\u00e1n debidamente registrados o en proceso de registro.<br>El uso o el acceso a la p\u00e1gina no atribuyen derecho alguno del usuario sobre los citados signos distintivos.<br>La Autoridad Portuaria de Baleares autoriza a los Usuarios del sitio Web a utilizar, visualizar, imprimir o descargar los contenidos del Sitio Web \u00fanica y exclusivamente para su uso privado. Por lo tanto, queda terminantemente prohibido cualquier comunicaci\u00f3n y\/o distribuci\u00f3n de dichos contenidos con fines comerciales o lucrativos; as\u00ed como su modificaci\u00f3n, alteraci\u00f3n o descompilaci\u00f3n. Para cualquier uso distinto de los expresamente permitidos, ser\u00e1 necesario obtener el consentimiento por escrito del titular de los derechos de que se trate, sin que en ning\u00fan caso la falta de respuesta pueda ser considerada autorizaci\u00f3n presunta.<br>Queda terminantemente prohibido suprimir o manipular el distintivo de \u201ccopyright\u201d o cualquier otra indicaci\u00f3n que refleje la sujeci\u00f3n del objeto a derechos de autor o marca registrada as\u00ed como los sistemas de protecci\u00f3n o huellas digitales que pudieran estar incluidos en los contenidos.<\/p>\n\n\n\n<h2 class=\"wp-block-heading\">Pol\u00edtica de enlaces<\/h2>\n\n\n\n<p>En&nbsp;<a href=\"http:\/\/www.portsdebalears.com\/\" target=\"_blank\" rel=\"noreferrer noopener\">www.portsdebalears.com&nbsp;<\/a>, el Usuario podr\u00e1 encontrar enlaces a otras p\u00e1ginas Web mediante diferentes botones, links, etc. Dichos enlaces no suponen una sugerencia, invitaci\u00f3n o recomendaci\u00f3n para la visita de estos lugares de destino y por ello no se responsabiliza del resultado obtenido a trav\u00e9s de los mismos.<br>Los hiperenlaces contenidos en&nbsp;<a href=\"http:\/\/www.portsdebalears.com\/\" target=\"_blank\" rel=\"noreferrer noopener\">www.portsdebalears.com&nbsp;<\/a>pueden dirigir a p\u00e1ginas Web de terceros, por lo que la Autoridad Portuaria de Baleares no asume ninguna responsabilidad por el contenido, informaciones o servicios que pudieran figurar en dichas p\u00e1ginas y, que en ning\u00fan caso implican relaci\u00f3n alguna entre la Autoridad Portuaria de Baleares y las personas o entidades titulares de tales contenidos.<\/p>\n\n\n\n<h2 class=\"wp-block-heading\">Exclusi\u00f3n de la responsabilidad<\/h2>\n\n\n\n<p>La Autoridad Portuaria de Baleares declina cualquier responsabilidad respecto de la informaci\u00f3n que se halle tanto fuera como dentro de \u00e9sta p\u00e1gina cuando no est\u00e9 gestionada directamente por su Web master. Reserv\u00e1ndose la facultad de efectuar, en cualquier momento y sin necesidad de previo aviso, modificaciones y actualizaciones en la informaci\u00f3n contenida en su Sitio Web o en la configuraci\u00f3n y presentaci\u00f3n de \u00e9ste, as\u00ed como suspender temporalmente el acceso al mismo.<br>Tanto el acceso a este Sitio Web como el uso que pueda hacerse de la informaci\u00f3n contenida en el mismo es de la exclusiva responsabilidad de quien lo realiza. La Autoridad Portuaria de Baleares no responder\u00e1 de ninguna consecuencia, da\u00f1o o perjuicio que pudieran derivarse de dicho acceso o uso de la informaci\u00f3n, as\u00ed como tampoco ser\u00e1 responsable de la veracidad de toda la informaci\u00f3n comercial contenida en las ofertas inmobiliarias del Sitio Web, siendo esta informaci\u00f3n responsabilidad directa de los oferentes.<br>Asimismo, no se hace responsable de los posibles errores de seguridad que se puedan producir ni de los posibles da\u00f1os que puedan causarse al sistema inform\u00e1tico del Usuario (hardware y software), o de los ficheros o documentos almacenados en el mismo, como consecuencia de la presencia de virus en el ordenador del Usuario utilizado para la conexi\u00f3n a los servicios y contenidos de la Web, de un mal funcionamiento del navegador o del uso de versiones no actualizadas del mismo.<\/p>\n\n\n\n<h2 class=\"wp-block-heading\">Uso diligente de las direcciones de correo electr\u00f3nico<\/h2>\n\n\n\n<p>Los usuarios se comprometen a realizar un uso adecuado y diligente de las direcciones de correo electr\u00f3nico facilitadas en el Sitio Web, siendo \u00e9stos los \u00fanicos responsables de su utilizaci\u00f3n il\u00edcita o contraria a las presentes condiciones.<br>Dichas direcciones de e-mail son facilitadas al usuario para enviar sus consultas, comentarios, sugerencias, ejercicio de derechos\u2026 mediante correo electr\u00f3nico. Seg\u00fan el tipo de consulta a realizar, el usuario deber\u00e1 especificar el asunto del mismo, siempre que est\u00e9n relacionadas con la actividad comercial de la Autoridad Portuaria de Baleares.<\/p>\n\n\n\n<h2 class=\"wp-block-heading\">Jurisdicci\u00f3n y ley aplicable<\/h2>\n\n\n\n<p>La legislaci\u00f3n aplicable al contenido del Sitio Web de la Autoridad Portuaria de Baleares ser\u00e1 la espa\u00f1ola y la jurisdicci\u00f3n a la que se somete el titular de esta p\u00e1gina para la resoluci\u00f3n de cualquier controversia que pudiera derivarse de su relaci\u00f3n con el Usuario es a la de los Juzgados y Tribunales competentes de Las Islas Baleares ,Espa\u00f1a.<\/p>\n\n\n\n<h2 class=\"wp-block-heading\">Pol\u00edtica de confidencialidad<\/h2>\n\n\n\n<p>La Autoridad Portuaria de Baleares est\u00e1 comprometida con el respeto a la intimidad del usuario y la protecci\u00f3n de sus datos personales. Por ello, ha adoptado las medidas exigidas por la Ley Org\u00e1nica 15\/1999, de 13 de diciembre, de Protecci\u00f3n de Datos de Car\u00e1cter Personal, as\u00ed como las medidas de seguridad previstas en el Real Decreto 1720\/2007, de 21 de diciembre, por el que se aprueba el Reglamento de la Ley Org\u00e1nica 15\/1999, de 13 de diciembre de Protecci\u00f3n de Datos de Car\u00e1cter Personal.<\/p>\n\n\n\n<p>La Autoridad Portuaria de Baleares expone su pol\u00edtica sobre la utilizaci\u00f3n de la informaci\u00f3n de car\u00e1cter personal proporcionada por usted:<\/p>\n\n\n\n<ul class=\"wp-block-list\">\n<li>Qu\u00e9 informaci\u00f3n se recoge, para qu\u00e9 finalidad y a trav\u00e9s de qu\u00e9 medio t\u00e9cnico: La Autoridad Portuaria de Baleares exclusivamente recoge e incorpora a sus ficheros la informaci\u00f3n personal facilitada por usted en la medida necesaria. La informaci\u00f3n recabada no se tratar\u00e1 para ninguna finalidad incompatible con aquella para la que los datos personales fueron recabados.<\/li>\n\n\n\n<li>A qui\u00e9n se revelan sus datos: La Autoridad Portuaria de Baleares no revelar\u00e1 la informaci\u00f3n de car\u00e1cter personal a terceros sin su consentimiento previo, salvo que dicha cesi\u00f3n est\u00e9 prevista en una Ley o sea necesaria para el cumplimiento de la finalidad para la que nos facilit\u00f3 los datos objeto de tratamiento.<\/li>\n\n\n\n<li>Cu\u00e1nto tiempo se guardan sus datos: La Autoridad Portuaria de Baleares solamente guardar\u00e1 los datos personales recabados el tiempo necesario para cumplir la finalidad de su recogida o de su tratamiento posterior.<\/li>\n\n\n\n<li>Cu\u00e1les son las medidas de seguridad tomadas para salvaguardar su informaci\u00f3n contra un posible abuso o acceso no autorizado: La Autoridad Portuaria de Baleares ha adoptado las medidas de seguridad necesarias para evitar as\u00ed&nbsp;los malos usos,&nbsp;su alteraci\u00f3n, p\u00e9rdida, tratamiento o acceso no autorizado&nbsp;y robo de los datos personales de&nbsp;car\u00e1cter reservado&nbsp;facilitados,&nbsp;habida cuenta del estado de la tecnolog\u00eda, en cumplimiento de lo establecido en el Real Decreto 1720\/2007, de 21 de diciembre, por el que se aprueba el Reglamento de la Ley Org\u00e1nica 15\/1999, de 13 de Diciembre de Protecci\u00f3n de Datos de Car\u00e1cter Personal.<\/li>\n\n\n\n<li>Por motivos legales, La Autoridad Portuaria de Baleares podr\u00e1 y deber\u00e1 facilitar cuanta informaci\u00f3n le sea requerida a las autoridades competentes conforme a las leyes espa\u00f1olas en caso de mediar la pertinente orden judicial, la cual s\u00f3lo se da cuando un juez tiene firme sospecha de que el usuario ha realizado actividades ilegales. Bajo este supuesto, y con la intenci\u00f3n de colaborar con la justicia, La Autoridad Portuaria de Baleares puede registrar y posteriormente facilitar a la polic\u00eda, previa presentaci\u00f3n de la orden judicial legalmente necesaria, informaci\u00f3n relativa a la direcci\u00f3n IP que identifica a la conexi\u00f3n del usuario, as\u00ed como la hora exacta de la misma, nombres de usuario y contrase\u00f1as, entre otros datos. En cualquier caso, las direcciones IP y horas de conexi\u00f3n se registran s\u00f3lo en aquellos servicios de los que se sospeche que alg\u00fan usuario pueda hacer un uso ilegal de los mismos.<\/li>\n<\/ul>\n\n\n\n<p>Los usuarios tienen reconocidos y podr\u00e1n ejercitar sus derechos de acceso, rectificaci\u00f3n, cancelaci\u00f3n y oposici\u00f3n, a trav\u00e9s del correo electr\u00f3nico&nbsp;<a href=\"mailto:portsdebalears@portsdebalears.com\">portsdebalears@portsdebalears.com<\/a><\/p>\n\n\n\n<p>o mediante escrito a la Autoridad Portuaria de Baleares, en Moll Vell 3 &#8211; 5, 07012 de Palma de Mallorca, Illes Balears.<\/p>\n","protected":false},"excerpt":{"rendered":"<p>Datos identificativos Para dar cumplimiento a lo dispuesto en los apartados 1 y 2 del art\u00edculo 10 de la Ley 34\/2002, de 11 de julio, de Servicios de la Sociedad de la Informaci\u00f3n y de Comercio Electr\u00f3nico (LSSICE) la Autoridad Portuaria&#8230;<\/p>\n","protected":false},"author":1,"featured_media":0,"parent":0,"menu_order":0,"comment_status":"closed","ping_status":"closed","template":"","meta":{"footnotes":""},"class_list":["post-14063","page","type-page","status-publish","hentry"],"aioseo_notices":[],"_links":{"self":[{"href":"https:\/\/noupasseigmaritimdepalma.portsdebalears.com\/es\/wp-json\/wp\/v2\/pages\/14063","targetHints":{"allow":["GET"]}}],"collection":[{"href":"https:\/\/noupasseigmaritimdepalma.portsdebalears.com\/es\/wp-json\/wp\/v2\/pages"}],"about":[{"href":"https:\/\/noupasseigmaritimdepalma.portsdebalears.com\/es\/wp-json\/wp\/v2\/types\/page"}],"author":[{"embeddable":true,"href":"https:\/\/noupasseigmaritimdepalma.portsdebalears.com\/es\/wp-json\/wp\/v2\/users\/1"}],"replies":[{"embeddable":true,"href":"https:\/\/noupasseigmaritimdepalma.portsdebalears.com\/es\/wp-json\/wp\/v2\/comments?post=14063"}],"version-history":[{"count":2,"href":"https:\/\/noupasseigmaritimdepalma.portsdebalears.com\/es\/wp-json\/wp\/v2\/pages\/14063\/revisions"}],"predecessor-version":[{"id":14103,"href":"https:\/\/noupasseigmaritimdepalma.portsdebalears.com\/es\/wp-json\/wp\/v2\/pages\/14063\/revisions\/14103"}],"wp:attachment":[{"href":"https:\/\/noupasseigmaritimdepalma.portsdebalears.com\/es\/wp-json\/wp\/v2\/media?parent=14063"}],"curies":[{"name":"wp","href":"https:\/\/api.w.org\/{rel}","templated":true}]}}