{"id":14060,"date":"2022-11-16T11:26:07","date_gmt":"2022-11-16T10:26:07","guid":{"rendered":"https:\/\/noupasseigmaritimdepalma.portsdebalears.com\/politica-privacitat\/"},"modified":"2023-02-03T11:02:36","modified_gmt":"2023-02-03T10:02:36","slug":"politica-privacidad","status":"publish","type":"page","link":"https:\/\/noupasseigmaritimdepalma.portsdebalears.com\/es\/politica-privacidad\/","title":{"rendered":"Pol\u00edtica de Privacidad"},"content":{"rendered":"\n<h2 class=\"wp-block-heading\">Pol\u00edtica de Privacidad y Protecci\u00f3n de Datos de Car\u00e1cter Personal<\/h2>\n\n\n\n<p>En esta Pol\u00edtica de Privacidad informamos sobre c\u00f3mo se lleva a cabo el tratamiento de datos personales en la&nbsp;<strong>Autoridad Portuaria de Baleares<\/strong>&nbsp;(en adelante, APB). Le rogamos que, antes de facilitar sus datos personales, la lea con detenimiento y se asegure de que la ha comprendido.<\/p>\n\n\n\n<p>La APB ha adecuado su estructura organizativa y esta web a las exigencias del Reglamento (UE) 2016\/679 del Parlamento Europeo y del Consejo, de 27 de abril de 2016, relativo a la protecci\u00f3n de las personas f\u00edsicas en lo que respecta al tratamiento de datos personales y a la libre circulaci\u00f3n de estos datos y por el que se deroga la Directiva 95\/46\/CE (Reglamento general de protecci\u00f3n de datos, RGPD) y de Ley Org\u00e1nica 3\/2018, de 5 de diciembre, de Protecci\u00f3n de Datos Personales y garant\u00eda de los derechos digitales (LOPDgdd).<\/p>\n\n\n\n<p>Le recomendamos que, para consultar una informaci\u00f3n m\u00e1s detallada acerca del tratamiento de sus datos personales, consulte nuestro&nbsp;<strong>Registro de Actividades de Tratamiento<\/strong>, publicado en el siguiente link:&nbsp;<a href=\"https:\/\/seu.portsdebalears.gob.es\/seuapb\/fitxa\/28541\/registro-de-actividades-de-tra?lang=es\" target=\"_blank\" rel=\"noreferrer noopener\">https:\/\/seu.portsdebalears.gob.es\/seuapb\/fitxa\/28541\/registro-de-actividades-de-tra?lang=es<\/a><\/p>\n\n\n\n<p>Asimismo, le proporcionamos la siguiente informaci\u00f3n relativa al tratamiento de datos personales en la APB<\/p>\n\n\n\n<h2 class=\"wp-block-heading\"><strong>Responsable del Tratamiento<\/strong><\/h2>\n\n\n\n<p>El responsable del tratamiento de sus datos es la Autoridad Portuaria de Baleares, con domicilio en C\/ Moll Vell, 3-5 7012 Palma, y C.I.F. n\u00ba Q 0767004E<\/p>\n\n\n\n<p>Puede contactar con nuestro Delegado de Protecci\u00f3n de Datos en la direcci\u00f3n&nbsp;<a href=\"mailto:gdpr-dpo@portsdebalears.com\">gdpr-dpo@portsdebalears.com<\/a><\/p>\n\n\n\n<h2 class=\"wp-block-heading\"><strong>Informaci\u00f3n que tratamos<\/strong><\/h2>\n\n\n\n<p>En el caso de que haga uso de los servicios p\u00fablicos que le proporciona la APB, ya sea a trav\u00e9s de la p\u00e1gina Web, Sede Electr\u00f3nica o de manera presencial mediante los formularios e instancias correspondientes, nos est\u00e1 facilitando informaci\u00f3n de car\u00e1cter personal de la que la APB ser\u00e1 responsable del tratamiento. Trataremos la informaci\u00f3n estrictamente necesaria para poder cumplir con la finalidad del tratamiento de los datos.<\/p>\n\n\n\n<h2 class=\"wp-block-heading\"><strong>Principios tratamiento<\/strong><\/h2>\n\n\n\n<p>En la APB, en todo lo referido a cualquier tratamiento de datos personales, respetamos todos los principios del tratamiento que exige el RGPD, como son la licitud, lealtad, transparencia o minimizaci\u00f3n de los datos y sus derechos ser\u00e1n siempre salvaguardados durante todo el ciclo del tratamiento.<\/p>\n\n\n\n<h2 class=\"wp-block-heading\"><strong>Finalidad del Tratamiento<\/strong><\/h2>\n\n\n\n<p>En la APB recopilamos y tratamos sus datos personales para proporcionarle los servicios p\u00fablicos y tr\u00e1mites administrativos que nos compete como Autoridad Portuaria y en cumplimiento de las diferentes obligaciones legales en nuestro ejercicio.<\/p>\n\n\n\n<p>La finalidad concreta se encuentra en cada actividad de tratamiento recogida en el Registro de Actividades de Tratamiento&nbsp;<a href=\"https:\/\/seu.portsdebalears.gob.es\/seuapb\/fitxa\/28541\/registro-de-actividades-de-tra?lang=es\" target=\"_blank\" rel=\"noreferrer noopener\">https:\/\/seu.portsdebalears.gob.es\/seuapb\/fitxa\/28541\/registro-de-actividades-de-tra?lang=es<\/a><\/p>\n\n\n\n<h2 class=\"wp-block-heading\"><strong>Plazo de conservaci\u00f3n de sus datos<\/strong><\/h2>\n\n\n\n<p>Los datos personales proporcionados se conservar\u00e1n durante el tiempo necesario para cumplir con la finalidad para la que se recabaron y para determinar las posibles responsabilidades que se pudieran derivar de dicha finalidad y del tratamiento de los datos. Asimismo, la APB, como parte de la Administraci\u00f3n General del Estado conservar\u00e1 los datos seg\u00fan las obligaciones legales que le sean aplicables y respetando lo dispuesto en la normativa de archivos y documentaci\u00f3n aplicable.<\/p>\n\n\n\n<h2 class=\"wp-block-heading\"><strong>Legitimaci\u00f3n para el tratamiento de sus datos<\/strong><\/h2>\n\n\n\n<p>Como Organismo P\u00fablico, la APB tratar\u00e1 sus datos personales en el ejercicio de competencias p\u00fablicas y en pro del inter\u00e9s p\u00fablico o en el cumplimiento de obligaciones legales aplicables a la Autoridad Portuaria.<\/p>\n\n\n\n<p>Fuera de estos supuestos, la APB le requerir\u00e1 su consentimiento, que tendr\u00e1 que ser prestado mediante una clara acci\u00f3n afirmativa.<\/p>\n\n\n\n<h2 class=\"wp-block-heading\"><strong>Destinatarios de los datos<\/strong><\/h2>\n\n\n\n<p>La recogida de datos ser\u00e1 realizada por Disset SL y la APB solo podr\u00e1 comunicar sus datos cuando sea necesario para el cumplimiento de obligaciones legales o cuando una Ley le confiera la competencia para hacerlo.<\/p>\n\n\n\n<p>Fuera de estos supuestos, la APB deber\u00e1 requerirle su consentimiento para la cesi\u00f3n de sus datos personales a otro organismo o empresa.<\/p>\n\n\n\n<h2 class=\"wp-block-heading\"><strong>Derechos del Interesado<\/strong><\/h2>\n\n\n\n<p>Usted tiene derecho a conocer si la APB trata actualmente sus datos.<\/p>\n\n\n\n<p>Adem\u00e1s, podr\u00e1 ejercer sus derechos que, como interesado, el RGPD le confiere. En concreto: oposici\u00f3n, rectificaci\u00f3n, supresi\u00f3n, portabilidad y limitaci\u00f3n.<\/p>\n\n\n\n<p>Para facilitar su ejercicio, ponemos a su disposici\u00f3n el siguiente formulario de ejercicio de derechos:&nbsp;<a href=\"https:\/\/seu.portsdebalears.gob.es\/seuapb\/procediment\/25771\/ejercicio-de-derechos-en-mater\">https:\/\/seu.portsdebalears.gob.es\/seuapb\/procediment\/25771\/ejercicio-de-derechos-en-mater<\/a><\/p>\n\n\n\n<p>Podr\u00e1 ejercer estos derechos ante la Autoridad Portuaria Baleares mediante las siguientes v\u00edas:<\/p>\n\n\n\n<ul class=\"wp-block-list\">\n<li>Sede electr\u00f3nica<\/li>\n\n\n\n<li>Escrito en la direcci\u00f3n C\/ Moll Vell, 3-5 7012 Palma o<\/li>\n\n\n\n<li>Mediante correo electr\u00f3nico a la direcci\u00f3n&nbsp;<a href=\"mailto:gdpr-dpo@portsdebalears.com\">gdpr-dpo@portsdebalears.com<\/a><\/li>\n<\/ul>\n\n\n\n<h2 class=\"wp-block-heading\"><strong>Exactitud y veracidad de los datos<\/strong><\/h2>\n\n\n\n<p>Usted garantizar\u00e1 que los datos personales facilitados a trav\u00e9s de las diferentes v\u00edas disponibles son veraces, quedando obligado a comunicar cualquier modificaci\u00f3n de los mismos mediante el ejercicio del derecho de rectificaci\u00f3n.<\/p>\n\n\n\n<p>En cualquier caso, usted es el \u00fanico responsable de la veracidad y correcci\u00f3n de los datos que remita a la APB exonerando a la entidad de cualquier responsabilidad, da\u00f1os o perjuicios originados al respecto.<\/p>\n\n\n\n<h2 class=\"wp-block-heading\"><strong>Secreto y Seguridad<\/strong><\/h2>\n\n\n\n<p>La APB se compromete en el uso y tratamiento de los datos personales a respetar su confidencialidad y a utilizarlos de acuerdo con la finalidad para la que fueron recogidos, as\u00ed como a dar cumplimiento a su obligaci\u00f3n de guardarlos y adaptar todas las medidas para evitar la alteraci\u00f3n, p\u00e9rdida, tratamiento o acceso no autorizado, de conformidad con lo establecido en la normativa vigente de protecci\u00f3n de datos.<\/p>\n\n\n\n<h2 class=\"wp-block-heading\"><strong>Cambios en la pol\u00edtica de privacidad<\/strong><\/h2>\n\n\n\n<p>La APB se reserva el derecho a modificar la presente pol\u00edtica para adaptarla a novedades legislativas o jurisprudenciales. En dichos supuestos, la APB anunciar\u00e1 en esta p\u00e1gina web los cambios introducidos con razonable antelaci\u00f3n a su puesta en pr\u00e1ctica.<\/p>\n\n\n\n<p>La presente pol\u00edtica ha sido actualizada el 29 de noviembre de 2021. La versi\u00f3n actualizada de esta pol\u00edtica es la \u00fanica v\u00e1lida hasta que no haya otra que la sustituya.<\/p>\n","protected":false},"excerpt":{"rendered":"<p>Pol\u00edtica de Privacidad y Protecci\u00f3n de Datos de Car\u00e1cter Personal En esta Pol\u00edtica de Privacidad informamos sobre c\u00f3mo se lleva a cabo el tratamiento de datos personales en la&nbsp;Autoridad Portuaria de Baleares&nbsp;(en adelante, APB). Le rogamos que, antes de facilitar sus&#8230;<\/p>\n","protected":false},"author":1,"featured_media":0,"parent":0,"menu_order":0,"comment_status":"closed","ping_status":"open","template":"","meta":{"footnotes":""},"class_list":["post-14060","page","type-page","status-publish","hentry"],"aioseo_notices":[],"_links":{"self":[{"href":"https:\/\/noupasseigmaritimdepalma.portsdebalears.com\/es\/wp-json\/wp\/v2\/pages\/14060","targetHints":{"allow":["GET"]}}],"collection":[{"href":"https:\/\/noupasseigmaritimdepalma.portsdebalears.com\/es\/wp-json\/wp\/v2\/pages"}],"about":[{"href":"https:\/\/noupasseigmaritimdepalma.portsdebalears.com\/es\/wp-json\/wp\/v2\/types\/page"}],"author":[{"embeddable":true,"href":"https:\/\/noupasseigmaritimdepalma.portsdebalears.com\/es\/wp-json\/wp\/v2\/users\/1"}],"replies":[{"embeddable":true,"href":"https:\/\/noupasseigmaritimdepalma.portsdebalears.com\/es\/wp-json\/wp\/v2\/comments?post=14060"}],"version-history":[{"count":4,"href":"https:\/\/noupasseigmaritimdepalma.portsdebalears.com\/es\/wp-json\/wp\/v2\/pages\/14060\/revisions"}],"predecessor-version":[{"id":14122,"href":"https:\/\/noupasseigmaritimdepalma.portsdebalears.com\/es\/wp-json\/wp\/v2\/pages\/14060\/revisions\/14122"}],"wp:attachment":[{"href":"https:\/\/noupasseigmaritimdepalma.portsdebalears.com\/es\/wp-json\/wp\/v2\/media?parent=14060"}],"curies":[{"name":"wp","href":"https:\/\/api.w.org\/{rel}","templated":true}]}}