{"id":13895,"date":"2023-01-17T19:05:07","date_gmt":"2023-01-17T17:05:07","guid":{"rendered":"https:\/\/noupasseigmaritimdepalma.portsdebalears.com\/faq\/"},"modified":"2023-11-23T18:10:59","modified_gmt":"2023-11-23T16:10:59","slug":"faq","status":"publish","type":"page","link":"https:\/\/noupasseigmaritimdepalma.portsdebalears.com\/es\/faq\/","title":{"rendered":"FAQ"},"content":{"rendered":"\t\t<div data-elementor-type=\"wp-page\" data-elementor-id=\"13895\" class=\"elementor elementor-13895 elementor-13721\">\n\t\t\t\t\t\t<div class=\"elementor-inner\">\n\t\t\t\t<div class=\"elementor-section-wrap\">\n\t\t\t\t\t\t\t\t\t<section class=\"elementor-section elementor-top-section elementor-element elementor-element-6847651 elementor-section-boxed elementor-section-height-default elementor-section-height-default\" data-id=\"6847651\" data-element_type=\"section\">\n\t\t\t\t\t\t<div class=\"elementor-container elementor-column-gap-default\">\n\t\t\t\t\t\t\t<div class=\"elementor-row\">\n\t\t\t\t\t<div class=\"elementor-column elementor-col-100 elementor-top-column elementor-element elementor-element-7fea147\" data-id=\"7fea147\" data-element_type=\"column\">\n\t\t\t<div class=\"elementor-column-wrap elementor-element-populated\">\n\t\t\t\t\t\t\t<div class=\"elementor-widget-wrap\">\n\t\t\t\t\t\t<div class=\"elementor-element elementor-element-0159051 elementor-widget elementor-widget-heading\" data-id=\"0159051\" data-element_type=\"widget\" data-widget_type=\"heading.default\">\n\t\t\t\t<div class=\"elementor-widget-container\">\n\t\t\t<h1 class=\"elementor-heading-title elementor-size-default\">Proyecto reforma Paseo Mar\u00edtimo de Palma<\/h1>\t\t<\/div>\n\t\t\t\t<\/div>\n\t\t\t\t<div class=\"elementor-element elementor-element-591f4c5 elementor-widget elementor-widget-heading\" data-id=\"591f4c5\" data-element_type=\"widget\" data-widget_type=\"heading.default\">\n\t\t\t\t<div class=\"elementor-widget-container\">\n\t\t\t<h3 class=\"elementor-heading-title elementor-size-default\">Respuestas a preguntas frecuentes<\/h3>\t\t<\/div>\n\t\t\t\t<\/div>\n\t\t\t\t<div class=\"elementor-element elementor-element-283ea28 elementor-widget elementor-widget-spacer\" data-id=\"283ea28\" data-element_type=\"widget\" data-widget_type=\"spacer.default\">\n\t\t\t\t<div class=\"elementor-widget-container\">\n\t\t\t\t\t<div class=\"elementor-spacer\">\n\t\t\t<div class=\"elementor-spacer-inner\"><\/div>\n\t\t<\/div>\n\t\t\t\t<\/div>\n\t\t\t\t<\/div>\n\t\t\t\t<div class=\"elementor-element elementor-element-9a86443 elementor-widget elementor-widget-industrium_heading\" data-id=\"9a86443\" data-element_type=\"widget\" data-widget_type=\"industrium_heading.default\">\n\t\t\t\t<div class=\"elementor-widget-container\">\n\t\t\t<div class=\"industrium-heading-widget\"><h4 class=\"industrium-heading\"><span class=\"industrium-heading-content\"><strong>\u00bfSe han previsto aparcamientos alternativos?<\/strong><\/span><\/h4><\/div>\t\t<\/div>\n\t\t\t\t<\/div>\n\t\t\t\t<div class=\"elementor-element elementor-element-02f060b elementor-widget elementor-widget-text-editor\" data-id=\"02f060b\" data-element_type=\"widget\" data-widget_type=\"text-editor.default\">\n\t\t\t\t<div class=\"elementor-widget-container\">\n\t\t\t\t\t\t\t\t<div class=\"elementor-text-editor elementor-clearfix\">\n\t\t\t\t<p>Somos conscientes de que los aparcamientos son una de las preocupaciones centrales de la ciudadan\u00eda. Instituciones y equipos t\u00e9cnicos est\u00e1n trabajando en las soluciones m\u00e1s apropiadas para reducir las molestias en este sentido, proyectando aparcamientos adicionales a los alrededores del paseo y reforzando el servicio de transporte p\u00fablico. La remodelaci\u00f3n tiene como prioridad otorgar mayor espacio a los peatones, en l\u00ednea con el nuevo modelo de ciudad del Ajuntamiento de Palma, intentando reducir el tr\u00e1fico de veh\u00edculos.<\/p><p>\u00c9ste es el plan de aparcamientos establecido:<\/p><p>A\/ Poner a disposici\u00f3n y de manera gratuita 2 aparcamientos disuasorios, los cuales ja est\u00e1n en funcionamiento:<\/p><p>1 \u2013 Calle Federico Garc\u00eda Lorca: 150 plazas aproximadamente generadas por parte del Ayuntamiento de Palma.<\/p><p>2 \u2013 Muelle de las Golondrinas: 80 plazas aproximadamente por parte de Autoridad Portuaria de Baleares.<\/p><p>\u00a0<\/p><p>B\/ Acondicionar un solar junto a las instalaciones de CLH y convertir-lo en aparcamiento (30.000m2): 800 plazas aproximadamente generadas por parte del Ayuntamiento de Palma. Las obras ya se est\u00e1n ejecutando y la previsi\u00f3n de apertura progresiva es de 8 semanas.<\/p><p>\u00a0<\/p><p>C\/ APB mantendr\u00e1 durante el primer trimestre de 2023 las bolsas de aparcamiento de la mediana del paseo mientras de rehabilita el aparcamiento disuasorio de Ponent (junto a la instalaci\u00f3n de CLH). Estas bolsas corresponden a las siguientes \u00e1reas: \u00a0<\/p><p>1- Plaza Mediterr\u00e0nia<\/p><p>2- Marina Port de Mallorca<\/p><p>3- S\u2019Aigo Dol\u00e7a<\/p><p>4- Audit\u00f3rium de Palma<\/p><p>\u00a0<\/p><p>D\/ Otras posibilidades adem\u00e1s de las ya mencionadas:<\/p><p>1- Aparcamiento municipal de Marqu\u00e9s de la Cenia<\/p><p>2- Aparcamiento Joan Mir\u00f3 55<\/p><p>\u00a0<\/p><p>E\/ Igualmente se reforzar\u00e1n l\u00edneas de transporte p\u00fablico especialmente la l\u00ednea 1 de la EMT de Palma.<\/p>\t\t\t\t\t<\/div>\n\t\t\t\t\t\t<\/div>\n\t\t\t\t<\/div>\n\t\t\t\t<div class=\"elementor-element elementor-element-7c1809f elementor-widget elementor-widget-industrium_heading\" data-id=\"7c1809f\" data-element_type=\"widget\" data-widget_type=\"industrium_heading.default\">\n\t\t\t\t<div class=\"elementor-widget-container\">\n\t\t\t<div class=\"industrium-heading-widget\"><h4 class=\"industrium-heading\"><span class=\"industrium-heading-content\"><strong>\u00bfCu\u00e1l es la duraci\u00f3n prevista de las obras? <\/strong><\/span><\/h4><\/div>\t\t<\/div>\n\t\t\t\t<\/div>\n\t\t\t\t<div class=\"elementor-element elementor-element-4d4e9b7 elementor-widget elementor-widget-text-editor\" data-id=\"4d4e9b7\" data-element_type=\"widget\" data-widget_type=\"text-editor.default\">\n\t\t\t\t<div class=\"elementor-widget-container\">\n\t\t\t\t\t\t\t\t<div class=\"elementor-text-editor elementor-clearfix\">\n\t\t\t\t<p>La previsi\u00f3n inicial contempla un periodo de 20 meses sin contabilizar imprevistos.<\/p>\t\t\t\t\t<\/div>\n\t\t\t\t\t\t<\/div>\n\t\t\t\t<\/div>\n\t\t\t\t<div class=\"elementor-element elementor-element-72bfe31 elementor-widget elementor-widget-industrium_heading\" data-id=\"72bfe31\" data-element_type=\"widget\" data-widget_type=\"industrium_heading.default\">\n\t\t\t\t<div class=\"elementor-widget-container\">\n\t\t\t<div class=\"industrium-heading-widget\"><h4 class=\"industrium-heading\"><span class=\"industrium-heading-content\"><strong>\u00bfCu\u00e1les ser\u00e1n las zonas m\u00e1s afectadas por la reforma del paseo?<\/strong><\/span><\/h4><\/div>\t\t<\/div>\n\t\t\t\t<\/div>\n\t\t\t\t<div class=\"elementor-element elementor-element-de9a66c elementor-widget elementor-widget-text-editor\" data-id=\"de9a66c\" data-element_type=\"widget\" data-widget_type=\"text-editor.default\">\n\t\t\t\t<div class=\"elementor-widget-container\">\n\t\t\t\t\t\t\t\t<div class=\"elementor-text-editor elementor-clearfix\">\n\t\t\t\t<p>De un modo u otro, buena parte del actual paseo Mar\u00edtimo de Palma ser\u00e1 escenario de esta reforma, concretamente el tramo entre la plaza Sant Domingo de la Calazada y la curva de Paraires<span style=\"letter-spacing: 0em;\">.<\/span><\/p>\t\t\t\t\t<\/div>\n\t\t\t\t\t\t<\/div>\n\t\t\t\t<\/div>\n\t\t\t\t<div class=\"elementor-element elementor-element-9d38567 elementor-widget elementor-widget-industrium_heading\" data-id=\"9d38567\" data-element_type=\"widget\" data-widget_type=\"industrium_heading.default\">\n\t\t\t\t<div class=\"elementor-widget-container\">\n\t\t\t<div class=\"industrium-heading-widget\"><h4 class=\"industrium-heading\"><span class=\"industrium-heading-content\"><strong>Habr\u00e1 rutas alternativas a las existentes en el paseo<\/strong><\/span><\/h4><\/div>\t\t<\/div>\n\t\t\t\t<\/div>\n\t\t\t\t<div class=\"elementor-element elementor-element-ce9e892 elementor-widget elementor-widget-text-editor\" data-id=\"ce9e892\" data-element_type=\"widget\" data-widget_type=\"text-editor.default\">\n\t\t\t\t<div class=\"elementor-widget-container\">\n\t\t\t\t\t\t\t\t<div class=\"elementor-text-editor elementor-clearfix\">\n\t\t\t\t<p>Es uno de los asuntos en los que instituciones y direcci\u00f3n de obras est\u00e1n trabajando con el objetivo de aligerar las molestias ocasionadas por las obras de reforma.<\/p>\t\t\t\t\t<\/div>\n\t\t\t\t\t\t<\/div>\n\t\t\t\t<\/div>\n\t\t\t\t<div class=\"elementor-element elementor-element-d25e398 elementor-widget elementor-widget-industrium_heading\" data-id=\"d25e398\" data-element_type=\"widget\" data-widget_type=\"industrium_heading.default\">\n\t\t\t\t<div class=\"elementor-widget-container\">\n\t\t\t<div class=\"industrium-heading-widget\"><h4 class=\"industrium-heading\"><span class=\"industrium-heading-content\"><strong>\u00bfCu\u00e1ntos carriles quedaran despu\u00e9s de la reforma?<\/strong><\/span><\/h4><\/div>\t\t<\/div>\n\t\t\t\t<\/div>\n\t\t\t\t<div class=\"elementor-element elementor-element-ec58f2c elementor-widget elementor-widget-text-editor\" data-id=\"ec58f2c\" data-element_type=\"widget\" data-widget_type=\"text-editor.default\">\n\t\t\t\t<div class=\"elementor-widget-container\">\n\t\t\t\t\t\t\t\t<div class=\"elementor-text-editor elementor-clearfix\">\n\t\t\t\t<p>Dos carriles por sentido. La intenci\u00f3n de esta reforma es ganar espacio para los peatones mientras garantizamos una circulaci\u00f3n sostenible de la zona.<\/p>\t\t\t\t\t<\/div>\n\t\t\t\t\t\t<\/div>\n\t\t\t\t<\/div>\n\t\t\t\t<div class=\"elementor-element elementor-element-74982cb elementor-widget elementor-widget-industrium_heading\" data-id=\"74982cb\" data-element_type=\"widget\" data-widget_type=\"industrium_heading.default\">\n\t\t\t\t<div class=\"elementor-widget-container\">\n\t\t\t<div class=\"industrium-heading-widget\"><h4 class=\"industrium-heading\"><span class=\"industrium-heading-content\"><strong>\u00bfQu\u00e9 supondr\u00e1n las obras para los comerciantes de la zona?<\/strong><\/span><\/h4><\/div>\t\t<\/div>\n\t\t\t\t<\/div>\n\t\t\t\t<div class=\"elementor-element elementor-element-239e2bd elementor-widget elementor-widget-text-editor\" data-id=\"239e2bd\" data-element_type=\"widget\" data-widget_type=\"text-editor.default\">\n\t\t\t\t<div class=\"elementor-widget-container\">\n\t\t\t\t\t\t\t\t<div class=\"elementor-text-editor elementor-clearfix\">\n\t\t\t\t<p>Como para el resto de la ciudadan\u00eda que vive en el pase Mar\u00edtimo, somos conscientes que las obras ocasionar\u00e1n molestias en el \u00e1mbito comercial. Trabajamos para reducir los efectos negativos de estas actuaciones.<\/p>\t\t\t\t\t<\/div>\n\t\t\t\t\t\t<\/div>\n\t\t\t\t<\/div>\n\t\t\t\t<div class=\"elementor-element elementor-element-5343887 elementor-widget elementor-widget-industrium_heading\" data-id=\"5343887\" data-element_type=\"widget\" data-widget_type=\"industrium_heading.default\">\n\t\t\t\t<div class=\"elementor-widget-container\">\n\t\t\t<div class=\"industrium-heading-widget\"><h4 class=\"industrium-heading\"><span class=\"industrium-heading-content\"><strong>\u00bfQu\u00e9 ventajas aportar\u00e1 la reforma para vecinos y poblaci\u00f3n general de Palma?<\/strong><\/span><\/h4><\/div>\t\t<\/div>\n\t\t\t\t<\/div>\n\t\t\t\t<div class=\"elementor-element elementor-element-f2e23e9 elementor-widget elementor-widget-text-editor\" data-id=\"f2e23e9\" data-element_type=\"widget\" data-widget_type=\"text-editor.default\">\n\t\t\t\t<div class=\"elementor-widget-container\">\n\t\t\t\t\t\t\t\t<div class=\"elementor-text-editor elementor-clearfix\">\n\t\t\t\t<p>La reforma del passeig Mar\u00edtim \u00e9s, sens dubte, una de les actuacions urban\u00edstiques m\u00e9s transcendentals fetes a la ciutat de Palma. Una vegada concloses les obres, disposarem d\u2019un passeig modernitzat, amb espais prioritaris per a vianants i una configuraci\u00f3 sostenible d\u2019un eix b\u00e0sic per a la ciutat.<\/p>\t\t\t\t\t<\/div>\n\t\t\t\t\t\t<\/div>\n\t\t\t\t<\/div>\n\t\t\t\t<div class=\"elementor-element elementor-element-1958a1d elementor-widget elementor-widget-industrium_heading\" data-id=\"1958a1d\" data-element_type=\"widget\" data-widget_type=\"industrium_heading.default\">\n\t\t\t\t<div class=\"elementor-widget-container\">\n\t\t\t<div class=\"industrium-heading-widget\"><h4 class=\"industrium-heading\"><span class=\"industrium-heading-content\"><strong>\u00bfQu\u00e9 \u00e1reas ser\u00e1n las destinadas a los peatones?<\/strong><\/span><\/h4><\/div>\t\t<\/div>\n\t\t\t\t<\/div>\n\t\t\t\t<div class=\"elementor-element elementor-element-4eb5b3f elementor-widget elementor-widget-text-editor\" data-id=\"4eb5b3f\" data-element_type=\"widget\" data-widget_type=\"text-editor.default\">\n\t\t\t\t<div class=\"elementor-widget-container\">\n\t\t\t\t\t\t\t\t<div class=\"elementor-text-editor elementor-clearfix\">\n\t\t\t\t<p>Muchos espacios estar\u00e1n destinados a las personas. Se har\u00e1 una ampliaci\u00f3n de las \u00e1reas verdes y un aumento de las zonas ganadas a la circulaci\u00f3n de veh\u00edculos, consolidando una obra urban\u00edstica m\u00e1s amable, vanguardista y actual.<\/p>\t\t\t\t\t<\/div>\n\t\t\t\t\t\t<\/div>\n\t\t\t\t<\/div>\n\t\t\t\t<div class=\"elementor-element elementor-element-280e86c elementor-widget elementor-widget-industrium_heading\" data-id=\"280e86c\" data-element_type=\"widget\" data-widget_type=\"industrium_heading.default\">\n\t\t\t\t<div class=\"elementor-widget-container\">\n\t\t\t<div class=\"industrium-heading-widget\"><h4 class=\"industrium-heading\"><span class=\"industrium-heading-content\"><strong>\u00bfComo ser\u00e1 la futura movilidad al paseo despu\u00e9s de las obras?<\/strong><\/span><\/h4><\/div>\t\t<\/div>\n\t\t\t\t<\/div>\n\t\t\t\t<div class=\"elementor-element elementor-element-184964e elementor-widget elementor-widget-text-editor\" data-id=\"184964e\" data-element_type=\"widget\" data-widget_type=\"text-editor.default\">\n\t\t\t\t<div class=\"elementor-widget-container\">\n\t\t\t\t\t\t\t\t<div class=\"elementor-text-editor elementor-clearfix\">\n\t\t\t\t<p>Una movilidad sostenible y con elementos m\u00e1s modernos como el car-sharing, que dar\u00e1 lugar a un espacio en que las personas ganan.<\/p>\t\t\t\t\t<\/div>\n\t\t\t\t\t\t<\/div>\n\t\t\t\t<\/div>\n\t\t\t\t<div class=\"elementor-element elementor-element-aeda3e2 elementor-widget elementor-widget-industrium_heading\" data-id=\"aeda3e2\" data-element_type=\"widget\" data-widget_type=\"industrium_heading.default\">\n\t\t\t\t<div class=\"elementor-widget-container\">\n\t\t\t<div class=\"industrium-heading-widget\"><h4 class=\"industrium-heading\"><span class=\"industrium-heading-content\"><strong>\u00bfC\u00f3mo puedo pedir una solicitud de ocupaci\u00f3n de espacio p\u00fablico en la acera?<\/strong><\/span><\/h4><\/div>\t\t<\/div>\n\t\t\t\t<\/div>\n\t\t\t\t<div class=\"elementor-element elementor-element-9c8dc3c elementor-widget elementor-widget-text-editor\" data-id=\"9c8dc3c\" data-element_type=\"widget\" data-widget_type=\"text-editor.default\">\n\t\t\t\t<div class=\"elementor-widget-container\">\n\t\t\t\t\t\t\t\t<div class=\"elementor-text-editor elementor-clearfix\">\n\t\t\t\t<p>Las solicitudes de ocupaci\u00f3n se pueden tramitar en la web de la APD. Puede acceder mediante el siguiente enlace:<\/p><p><a href=\"https:\/\/seu.portsdebalears.gob.es\/seuapb\/procediment\/14108\/otorgamiento-de-autorizaciones\">https:\/\/seu.portsdebalears.gob.es\/seuapb\/procediment\/14108\/otorgamiento-de-autorizaciones<\/a><\/p>\t\t\t\t\t<\/div>\n\t\t\t\t\t\t<\/div>\n\t\t\t\t<\/div>\n\t\t\t\t<div class=\"elementor-element elementor-element-b478c8f elementor-widget elementor-widget-industrium_heading\" data-id=\"b478c8f\" data-element_type=\"widget\" data-widget_type=\"industrium_heading.default\">\n\t\t\t\t<div class=\"elementor-widget-container\">\n\t\t\t<div class=\"industrium-heading-widget\"><h4 class=\"industrium-heading\"><span class=\"industrium-heading-content\"><strong>\u00bfQu\u00e9 pasar\u00e1 con las zonas de carga y descarga?<\/strong><\/span><\/h4><\/div>\t\t<\/div>\n\t\t\t\t<\/div>\n\t\t\t\t<div class=\"elementor-element elementor-element-1510932 elementor-widget elementor-widget-text-editor\" data-id=\"1510932\" data-element_type=\"widget\" data-widget_type=\"text-editor.default\">\n\t\t\t\t<div class=\"elementor-widget-container\">\n\t\t\t\t\t\t\t\t<div class=\"elementor-text-editor elementor-clearfix\">\n\t\t\t\t<p>Las zonas de carga y descarga se mantendr\u00e1n, aunque puede cambiar su ubicaci\u00f3n en funci\u00f3n del proyecto constructivo de la remodelaci\u00f3n.<\/p>\t\t\t\t\t<\/div>\n\t\t\t\t\t\t<\/div>\n\t\t\t\t<\/div>\n\t\t\t\t\t\t<\/div>\n\t\t\t\t\t<\/div>\n\t\t<\/div>\n\t\t\t\t\t\t\t\t<\/div>\n\t\t\t\t\t<\/div>\n\t\t<\/section>\n\t\t\t\t\t\t\t\t\t<\/div>\n\t\t\t<\/div>\n\t\t\t\t\t<\/div>\n\t\t","protected":false},"excerpt":{"rendered":"<p>Proyecto reforma Paseo Mar\u00edtimo de Palma Respuestas a preguntas frecuentes Somos conscientes de que los aparcamientos son una de las preocupaciones centrales de la ciudadan\u00eda. Instituciones y equipos t\u00e9cnicos est\u00e1n trabajando en las soluciones m\u00e1s apropiadas para reducir las molestias en&#8230;<\/p>\n","protected":false},"author":1,"featured_media":0,"parent":0,"menu_order":0,"comment_status":"closed","ping_status":"closed","template":"","meta":{"footnotes":""},"class_list":["post-13895","page","type-page","status-publish","hentry"],"aioseo_notices":[],"_links":{"self":[{"href":"https:\/\/noupasseigmaritimdepalma.portsdebalears.com\/es\/wp-json\/wp\/v2\/pages\/13895","targetHints":{"allow":["GET"]}}],"collection":[{"href":"https:\/\/noupasseigmaritimdepalma.portsdebalears.com\/es\/wp-json\/wp\/v2\/pages"}],"about":[{"href":"https:\/\/noupasseigmaritimdepalma.portsdebalears.com\/es\/wp-json\/wp\/v2\/types\/page"}],"author":[{"embeddable":true,"href":"https:\/\/noupasseigmaritimdepalma.portsdebalears.com\/es\/wp-json\/wp\/v2\/users\/1"}],"replies":[{"embeddable":true,"href":"https:\/\/noupasseigmaritimdepalma.portsdebalears.com\/es\/wp-json\/wp\/v2\/comments?post=13895"}],"version-history":[{"count":10,"href":"https:\/\/noupasseigmaritimdepalma.portsdebalears.com\/es\/wp-json\/wp\/v2\/pages\/13895\/revisions"}],"predecessor-version":[{"id":20245,"href":"https:\/\/noupasseigmaritimdepalma.portsdebalears.com\/es\/wp-json\/wp\/v2\/pages\/13895\/revisions\/20245"}],"wp:attachment":[{"href":"https:\/\/noupasseigmaritimdepalma.portsdebalears.com\/es\/wp-json\/wp\/v2\/media?parent=13895"}],"curies":[{"name":"wp","href":"https:\/\/api.w.org\/{rel}","templated":true}]}}