{"id":13079,"date":"2022-11-29T11:09:24","date_gmt":"2022-11-29T10:09:24","guid":{"rendered":"https:\/\/noupasseigmaritimdepalma.portsdebalears.com\/interessats-en-tu\/"},"modified":"2023-01-25T13:44:01","modified_gmt":"2023-01-25T12:44:01","slug":"interesados-en-ti","status":"publish","type":"page","link":"https:\/\/noupasseigmaritimdepalma.portsdebalears.com\/es\/interesados-en-ti\/","title":{"rendered":"Interesados en ti"},"content":{"rendered":"\t\t<div data-elementor-type=\"wp-page\" data-elementor-id=\"13079\" class=\"elementor elementor-13079 elementor-12403\">\n\t\t\t\t\t\t<div class=\"elementor-inner\">\n\t\t\t\t<div class=\"elementor-section-wrap\">\n\t\t\t\t\t\t\t\t\t<section class=\"elementor-section elementor-top-section elementor-element elementor-element-d95d0c2 elementor-section-boxed elementor-section-height-default elementor-section-height-default\" data-id=\"d95d0c2\" data-element_type=\"section\">\n\t\t\t\t\t\t<div class=\"elementor-container elementor-column-gap-default\">\n\t\t\t\t\t\t\t<div class=\"elementor-row\">\n\t\t\t\t\t<div class=\"elementor-column elementor-col-100 elementor-top-column elementor-element elementor-element-bd5e825\" data-id=\"bd5e825\" data-element_type=\"column\">\n\t\t\t<div class=\"elementor-column-wrap elementor-element-populated\">\n\t\t\t\t\t\t\t<div class=\"elementor-widget-wrap\">\n\t\t\t\t\t\t<section class=\"elementor-section elementor-inner-section elementor-element elementor-element-3f8f448 elementor-section-boxed elementor-section-height-default elementor-section-height-default\" data-id=\"3f8f448\" data-element_type=\"section\">\n\t\t\t\t\t\t<div class=\"elementor-container elementor-column-gap-default\">\n\t\t\t\t\t\t\t<div class=\"elementor-row\">\n\t\t\t\t\t<div class=\"elementor-column elementor-col-50 elementor-inner-column elementor-element elementor-element-21625f2\" data-id=\"21625f2\" data-element_type=\"column\">\n\t\t\t<div class=\"elementor-column-wrap elementor-element-populated\">\n\t\t\t\t\t\t\t<div class=\"elementor-widget-wrap\">\n\t\t\t\t\t\t<div class=\"elementor-element elementor-element-7013ad7 elementor-widget elementor-widget-industrium_heading\" data-id=\"7013ad7\" data-element_type=\"widget\" data-widget_type=\"industrium_heading.default\">\n\t\t\t\t<div class=\"elementor-widget-container\">\n\t\t\t<div class=\"industrium-heading-widget\"><h2 class=\"industrium-heading\"><span class=\"industrium-heading-content\">QUEREMOS MANTERTE INFORMADO<\/span><\/h2><\/div>\t\t<\/div>\n\t\t\t\t<\/div>\n\t\t\t\t<div class=\"elementor-element elementor-element-f367525 elementor-widget elementor-widget-text-editor\" data-id=\"f367525\" data-element_type=\"widget\" data-widget_type=\"text-editor.default\">\n\t\t\t\t<div class=\"elementor-widget-container\">\n\t\t\t\t\t\t\t\t<div class=\"elementor-text-editor elementor-clearfix\">\n\t\t\t\t<p>El Nuevo Paseo Mar\u00edtimo de Palma es obra de todos y de todas, pero especialmente de las personas que trabajamos, vivimos y paseamos en \u00e9l. Desde la APB hemos destacado diversos colectivos con una estrecha relaci\u00f3n con este paseo tan vital para la ciudad de Palma. Son los que puedes ver reflejados m\u00e1s abajo en esta p\u00e1gina. Pero si no perteneces a ninguno de estos colectivos y tienes un inter\u00e9s especial en recibir una informaci\u00f3n puntual y directa sobre el proyecto de remodelaci\u00f3n, las diversas actuaciones y fases, puedes facilitarnos tus datos de contacto para que te mantengamos informado. \u00a1Gracias por formar parte del Nuevo Paseo Mar\u00edtimo de Palma!<\/p>\t\t\t\t\t<\/div>\n\t\t\t\t\t\t<\/div>\n\t\t\t\t<\/div>\n\t\t\t\t\t\t<\/div>\n\t\t\t\t\t<\/div>\n\t\t<\/div>\n\t\t\t\t<div class=\"elementor-column elementor-col-50 elementor-inner-column elementor-element elementor-element-e8cf7c5\" data-id=\"e8cf7c5\" data-element_type=\"column\" data-settings=\"{&quot;background_background&quot;:&quot;classic&quot;}\">\n\t\t\t<div class=\"elementor-column-wrap elementor-element-populated\">\n\t\t\t\t\t\t\t<div class=\"elementor-widget-wrap\">\n\t\t\t\t\t\t<div class=\"elementor-element elementor-element-17aed3d elementor-widget elementor-widget-industrium_heading\" data-id=\"17aed3d\" data-element_type=\"widget\" data-widget_type=\"industrium_heading.default\">\n\t\t\t\t<div class=\"elementor-widget-container\">\n\t\t\t<div class=\"industrium-heading-widget\"><h3 class=\"industrium-heading\"><span class=\"industrium-heading-content\">Suscr\u00edbete a nuestra newsletter<\/span><\/h3><\/div>\t\t<\/div>\n\t\t\t\t<\/div>\n\t\t\t\t<div class=\"elementor-element elementor-element-f616add elementor-widget elementor-widget-industrium_wpforms\" data-id=\"f616add\" data-element_type=\"widget\" data-widget_type=\"industrium_wpforms.default\">\n\t\t\t\t<div class=\"elementor-widget-container\">\n\t\t\t        <div class=\"industrium-wpforms-widget\">\n            <div class=\"wpforms-container wpforms-container-full\" id=\"wpforms-13085\"><form id=\"wpforms-form-13085\" class=\"wpforms-validate wpforms-form wpforms-ajax-form\" data-formid=\"13085\" method=\"post\" enctype=\"multipart\/form-data\" action=\"\/es\/wp-json\/wp\/v2\/pages\/13079\" data-token=\"63a5759a018ce758ae8ca3b9825e778e\"><noscript class=\"wpforms-error-noscript\">Por favor, activa JavaScript en tu navegador para completar este formulario.<\/noscript><div class=\"wpforms-field-container\"><div id=\"wpforms-13085-field_1-container\" class=\"wpforms-field wpforms-field-text\" data-field-id=\"1\"><label class=\"wpforms-field-label\" for=\"wpforms-13085-field_1\">Nombre <span class=\"wpforms-required-label\">*<\/span><\/label><input type=\"text\" id=\"wpforms-13085-field_1\" class=\"wpforms-field-large wpforms-field-required\" name=\"wpforms[fields][1]\" required><\/div><div id=\"wpforms-13085-field_3-container\" class=\"wpforms-field wpforms-field-email\" data-field-id=\"3\"><label class=\"wpforms-field-label\" for=\"wpforms-13085-field_3\">Correo electr\u00f3nico <span class=\"wpforms-required-label\">*<\/span><\/label><input type=\"email\" id=\"wpforms-13085-field_3\" class=\"wpforms-field-large wpforms-field-required\" name=\"wpforms[fields][3]\" spellcheck=\"false\" required><\/div><div id=\"wpforms-13085-field_6-container\" class=\"wpforms-field wpforms-field-select wpforms-field-select-style-classic\" data-field-id=\"6\"><label class=\"wpforms-field-label\" for=\"wpforms-13085-field_6\">Grupos de inter\u00e9s <span class=\"wpforms-required-label\">*<\/span><\/label><div class=\"select-wrap wpforms-field-medium\"><select id=\"wpforms-13085-field_6\" class=\"wpforms-field-medium wpforms-field-required\" name=\"wpforms[fields][6]\" required=\"required\"><option value=\"Residencial\" >Residencial<\/option><option value=\"Comercio\" >Comercio<\/option><option value=\"Hotelero\" >Hotelero<\/option><option value=\"Otros\" >Otros<\/option><\/select><\/div><\/div><div id=\"wpforms-13085-field_11-container\" class=\"wpforms-field wpforms-field-select wpforms-field-select-style-classic\" data-field-id=\"11\"><label class=\"wpforms-field-label\" for=\"wpforms-13085-field_11\">\u00bfEn qu\u00e9 idioma quiere recibir nuestras \u00faltimas noticias? <span class=\"wpforms-required-label\">*<\/span><\/label><div class=\"select-wrap wpforms-field-medium\"><select id=\"wpforms-13085-field_11\" class=\"wpforms-field-medium wpforms-field-required\" name=\"wpforms[fields][11]\" required=\"required\"><option value=\"Castellano\" >Castellano<\/option><option value=\"Catal\u00e0\" >Catal\u00e0<\/option><\/select><\/div><\/div><div id=\"wpforms-13085-field_5-container\" class=\"wpforms-field wpforms-field-textarea\" data-field-id=\"5\"><label class=\"wpforms-field-label\" for=\"wpforms-13085-field_5\">Con qu\u00e9 informaci\u00f3n te podemos ayudar? <span class=\"wpforms-required-label\">*<\/span><\/label><textarea id=\"wpforms-13085-field_5\" class=\"wpforms-field-medium wpforms-field-required\" name=\"wpforms[fields][5]\" required><\/textarea><div class=\"wpforms-field-description\"><p style='margin-top:0cm;margin-right:0cm;margin-bottom:8.0pt;margin-left:0cm;line-height:107%;font-size:15px;text-align:justify;'><span style='line-height:107%;'>De conformidad con el Reglamento (UE) 2016\/679 del Parlamento Europeo y del Consejo, de 27 de abril de 2016, relativo a la protecci\u00f3n de las personas f\u00edsicas en lo que respecta al tratamiento de datos personales y a la libre circulaci\u00f3n de estos datos y por el que se deroga la Directiva 95\/46\/CE (Reglamento general de protecci\u00f3n de datos), y la Ley org\u00e1nica 3\/2018, de 5 de diciembre, de protecci\u00f3n de datos personales y garant\u00eda de los derechos digitales, se informa del tratamiento de datos personales consignados en esta solicitud.<\/span><\/p>\r\n<table style=\"width:100.0%;border-collapse:collapse;border:none;\">\r\n    <tbody>\r\n        <tr>\r\n            <td colspan=\"2\" style=\"width:100.0%;border:solid windowtext 1.0pt;background:#7eb150;padding:0cm 5.4pt 0cm 5.4pt;height:1.0pt;\">\r\n                <p style='margin:0cm;text-align:justify;font-size:15px;'><strong><span style=\"color:black;\">Informaci\u00f3n B\u00e1sica sobre Protecci\u00f3n de Datos<\/span><\/strong><\/p>\r\n            <\/td>\r\n        <\/tr>\r\n        <tr>\r\n            <td style=\"width:16.58%;border:solid windowtext 1.0pt;border-top:  none;padding:0cm 5.4pt 0cm 5.4pt;height:1.0pt;\">\r\n                <p style='margin:0cm;text-align:justify;font-size:15px;margin-top:3.0pt;margin-right:0cm;margin-bottom:  3.0pt;margin-left:0cm;'><strong><span style=\"font-size:12px;\">Responsable<\/span><\/strong><\/p>\r\n            <\/td>\r\n            <td style=\"width:83.42%;border-top:none;border-left:none;border-bottom:solid windowtext 1.0pt;border-right:solid windowtext 1.0pt;padding:0cm 5.4pt 0cm 5.4pt;height:1.0pt;\">\r\n                <p style='margin:0cm;text-align:justify;font-size:15px;margin-top:3.0pt;margin-right:0cm;margin-bottom:  3.0pt;margin-left:0cm;'><span style=\"font-size:12px;\">Autoridad Portuaria de Baleares<\/span><\/p>\r\n            <\/td>\r\n        <\/tr>\r\n        <tr>\r\n            <td style=\"width:16.58%;border:solid windowtext 1.0pt;border-top:  none;padding:0cm 5.4pt 0cm 5.4pt;height:9.4pt;\">\r\n                <p style='margin:0cm;text-align:justify;font-size:15px;margin-top:3.0pt;margin-right:0cm;margin-bottom:  3.0pt;margin-left:0cm;'><strong><span style=\"font-size:12px;\">Finalidad<\/span><\/strong><\/p>\r\n            <\/td>\r\n            <td style=\"width:83.42%;border-top:none;border-left:none;border-bottom:solid windowtext 1.0pt;border-right:solid windowtext 1.0pt;padding:0cm 5.4pt 0cm 5.4pt;height:9.4pt;\">\r\n                <p style='margin:0cm;text-align:justify;font-size:15px;margin-top:3.0pt;margin-right:0cm;margin-bottom:  3.0pt;margin-left:0cm;'><span style=\"font-size:12px;\">Env\u00edo de comunicaciones informativas y comerciales a los interesados que se hayan dado de alta en el servicio informativo.<\/span><\/p>\r\n            <\/td>\r\n        <\/tr>\r\n        <tr>\r\n            <td style=\"width:16.58%;border:solid windowtext 1.0pt;border-top:  none;padding:0cm 5.4pt 0cm 5.4pt;height:1.0pt;\">\r\n                <p style='margin:0cm;text-align:justify;font-size:15px;margin-top:3.0pt;margin-right:0cm;margin-bottom:  3.0pt;margin-left:0cm;'><strong><span style=\"font-size:12px;\">Base Legal<\/span><\/strong><\/p>\r\n            <\/td>\r\n            <td style=\"width:83.42%;border-top:none;border-left:none;border-bottom:solid windowtext 1.0pt;border-right:solid windowtext 1.0pt;padding:0cm 5.4pt 0cm 5.4pt;height:1.0pt;\">\r\n                <p style='margin:0cm;text-align:justify;font-size:15px;margin-top:3.0pt;margin-right:0cm;margin-bottom:  3.0pt;margin-left:0cm;'><span style=\"font-size:12px;\">Consentimiento<\/span><\/p>\r\n            <\/td>\r\n        <\/tr>\r\n        <tr>\r\n            <td style=\"width:16.58%;border:solid windowtext 1.0pt;border-top:  none;padding:0cm 5.4pt 0cm 5.4pt;height:1.0pt;\">\r\n                <p style='margin:0cm;text-align:justify;font-size:15px;margin-top:3.0pt;margin-right:0cm;margin-bottom:  3.0pt;margin-left:0cm;'><strong><span style=\"font-size:12px;\">Cesiones<\/span><\/strong><\/p>\r\n            <\/td>\r\n            <td style=\"width:83.42%;border-top:none;border-left:none;border-bottom:solid windowtext 1.0pt;border-right:solid windowtext 1.0pt;padding:0cm 5.4pt 0cm 5.4pt;height:1.0pt;\">\r\n                <p style='margin:0cm;text-align:justify;font-size:15px;margin-top:3.0pt;margin-right:0cm;margin-bottom:  3.0pt;margin-left:0cm;'><span style=\"font-size:12px;\">Sus datos no ser\u00e1n cedidos a terceros, salvo obligaciones legales<\/span><\/p>\r\n            <\/td>\r\n        <\/tr>\r\n        <tr>\r\n            <td style=\"width:16.58%;border:solid windowtext 1.0pt;border-top:  none;padding:0cm 5.4pt 0cm 5.4pt;height:1.0pt;\">\r\n                <p style='margin:0cm;text-align:justify;font-size:15px;margin-top:3.0pt;margin-right:0cm;margin-bottom:  3.0pt;margin-left:0cm;'><strong><span style=\"font-size:12px;\">Derechos<\/span><\/strong><\/p>\r\n            <\/td>\r\n            <td style=\"width:83.42%;border-top:none;border-left:none;border-bottom:solid windowtext 1.0pt;border-right:solid windowtext 1.0pt;padding:0cm 5.4pt 0cm 5.4pt;height:1.0pt;\">\r\n                <p style='margin:0cm;text-align:justify;font-size:15px;margin-top:3.0pt;margin-right:0cm;margin-bottom:  3.0pt;margin-left:0cm;'><span style=\"font-size:12px;\">Acceder, rectificar y suprimir los datos, as\u00ed como otros derechos, como se explica en la informaci\u00f3n adicional.<\/span><\/p>\r\n            <\/td>\r\n        <\/tr>\r\n        <tr>\r\n            <td style=\"width:16.58%;border:solid windowtext 1.0pt;border-top:  none;padding:0cm 5.4pt 0cm 5.4pt;height:1.0pt;\">\r\n                <p style='margin:0cm;text-align:justify;font-size:15px;margin-top:3.0pt;margin-right:0cm;margin-bottom:  3.0pt;margin-left:0cm;'><strong><span style=\"font-size:12px;\">Informaci\u00f3n Adicional<\/span><\/strong><\/p>\r\n            <\/td>\r\n            <td style=\"width:83.42%;border-top:none;border-left:none;border-bottom:solid windowtext 1.0pt;border-right:solid windowtext 1.0pt;padding:0cm 5.4pt 0cm 5.4pt;height:1.0pt;\">\r\n                <p style='margin:0cm;text-align:justify;font-size:15px;margin-top:3.0pt;margin-right:0cm;margin-bottom:  3.0pt;margin-left:0cm;'><span style=\"font-size:12px;\">Puede consultar la informaci\u00f3n adicional y detallada sobre Protecci\u00f3n de Datos obteniendo en nuestra p\u00e1gina web:\u00a0<\/span><a href=\"https:\/\/www.portsdebalears.com\/es\/pol\u00edtica-de-privacidad\"><span style='font-size:12px;\",serif;'>https:\/\/www.portsdebalears.com\/es\/pol\u00edtica-de-privacidad<\/span><\/a><\/p>\r\n            <\/td>\r\n        <\/tr>\r\n    <\/tbody>\r\n<\/table><\/div><\/div><div id=\"wpforms-13085-field_8-container\" class=\"wpforms-field wpforms-field-gdpr-checkbox\" data-field-id=\"8\"><ul id=\"wpforms-13085-field_8\" class=\"wpforms-field-required\"><li class=\"choice-1\"><input type=\"checkbox\" id=\"wpforms-13085-field_8_1\" name=\"wpforms[fields][8][]\" value=\"He le\u00eddo la informaci\u00f3n b\u00e1sica sobre protecci\u00f3n de datos y presto consentimiento para el tratamiento de mis datos personales.\" required ><label class=\"wpforms-field-label-inline\" for=\"wpforms-13085-field_8_1\">He le\u00eddo la informaci\u00f3n b\u00e1sica sobre protecci\u00f3n de datos y presto consentimiento para el tratamiento de mis datos personales.<\/label><\/li><\/ul><\/div><div id=\"wpforms-13085-field_9-container\" class=\"wpforms-field wpforms-field-mailchimp hidden\" data-field-id=\"9\"><ul id=\"\" class=\"\"><li class=\"choice-0 depth-1\"><input type=\"checkbox\" id=\"wpforms-13085-field_9_0\" name=\"wpforms[fields][9]\" value=\"1\"  checked='checked' ><label class=\"wpforms-field-label-inline\" for=\"wpforms-13085-field_9_0\">Sign-up to our newsletter?<\/label><\/li><\/ul><\/div><\/div><!-- .wpforms-field-container --><div class=\"wpforms-recaptcha-container wpforms-is-hcaptcha\" ><div class=\"g-recaptcha\" data-sitekey=\"030b734c-72b9-407c-8ff2-f888569d1d90\"><\/div><input type=\"text\" name=\"g-recaptcha-hidden\" class=\"wpforms-recaptcha-hidden\" style=\"position:absolute!important;clip:rect(0,0,0,0)!important;height:1px!important;width:1px!important;border:0!important;overflow:hidden!important;padding:0!important;margin:0!important;\" data-rule-hcaptcha=\"1\"><\/div><div class=\"wpforms-submit-container\" ><input type=\"hidden\" name=\"wpforms[id]\" value=\"13085\"><input type=\"hidden\" name=\"wpforms[author]\" value=\"1\"><button type=\"submit\" name=\"wpforms[submit]\" id=\"wpforms-submit-13085\" class=\"wpforms-submit\" data-alt-text=\"Enviando...\" data-submit-text=\"Enviar\" aria-live=\"assertive\" value=\"wpforms-submit\">Enviar<\/button><img loading=\"lazy\" decoding=\"async\" src=\"https:\/\/noupasseigmaritimdepalma.portsdebalears.com\/wp-content\/plugins\/wpforms\/assets\/images\/submit-spin.svg\" class=\"wpforms-submit-spinner\" style=\"display: none;\" width=\"26\" height=\"26\" alt=\"Cargando\"><\/div><\/form><\/div>  <!-- .wpforms-container -->        <\/div>\n        \t\t<\/div>\n\t\t\t\t<\/div>\n\t\t\t\t\t\t<\/div>\n\t\t\t\t\t<\/div>\n\t\t<\/div>\n\t\t\t\t\t\t\t\t<\/div>\n\t\t\t\t\t<\/div>\n\t\t<\/section>\n\t\t\t\t<section class=\"elementor-section elementor-inner-section elementor-element elementor-element-3da1729 elementor-section-boxed elementor-section-height-default elementor-section-height-default\" data-id=\"3da1729\" data-element_type=\"section\">\n\t\t\t\t\t\t<div class=\"elementor-container elementor-column-gap-default\">\n\t\t\t\t\t\t\t<div class=\"elementor-row\">\n\t\t\t\t\t<div class=\"elementor-column elementor-col-100 elementor-inner-column elementor-element elementor-element-d69b4d2\" data-id=\"d69b4d2\" data-element_type=\"column\">\n\t\t\t<div class=\"elementor-column-wrap elementor-element-populated\">\n\t\t\t\t\t\t\t<div class=\"elementor-widget-wrap\">\n\t\t\t\t\t\t<div class=\"elementor-element elementor-element-8d4ea18 elementor-widget elementor-widget-text-editor\" data-id=\"8d4ea18\" data-element_type=\"widget\" data-widget_type=\"text-editor.default\">\n\t\t\t\t<div class=\"elementor-widget-container\">\n\t\t\t\t\t\t\t\t<div class=\"elementor-text-editor elementor-clearfix\">\n\t\t\t\t<p><b>SECTOR RESIDENCIAL<br><\/b><strong>Asociaciones de vecinos<\/strong><\/p>\n<ul>\n<li>Asoc. Vecinos Terreno \u00abBellver\u00bb<\/li>\n<li>Asoc. Vecinos Puig de Sant Pere<\/li>\n<li>Asoc. Vecinos Son Armadans<\/li>\n<\/ul>\n<p><b>SECTOR COMERCIO<br><\/b><\/p>\n<ul>\n<li>AFEDECO. Federaci\u00f3n Patronal de Empresarios de Comercio de Baleares<\/li>\n<li>PIMECO. Asociaci\u00f3n del Peque\u00f1o y Mediano Comercio de Mallorca<\/li>\n<li>ACOIPAM. Asociaci\u00f3n de Comerciantes e Industriales del Paseo Mar\u00edtimo<\/li>\n<li>Centro Comercial Portop\u00ed<\/li>\n<\/ul>\n<p><b>SECTOR TUR\u00cdSTICO<\/b><br><b>Hotelero<\/b><\/p>\n<ul>\n<li>ASHPAMA. Asociaci\u00f3n Hotelera de Palma<\/li>\n<li>FEHM. Federaci\u00f3n Hotelera de Mallorca<\/li>\n<\/ul>\n<p><b>Restauraci\u00f3n<br><\/b><\/p>\n<ul>\n<li>Asociaci\u00f3n de Bares, Cafeter\u00edas y Restaurantes de Mallorca<\/li>\n<\/ul>\n<p><b>Ocio<br><\/b><\/p>\n<ul>\n<li>ABONE. Asociaci\u00f3n Balear de Ocio Nocturno y Entretenimiento<\/li>\n<li>Asociaci\u00f3n provincial de empresarios de salas de fiestas de Baleares<\/li>\n<\/ul>\n<p><b>Transporte<\/b><\/p>\n<ul>\n<li>AMTAT. Asociaci\u00f3n Mallorquina de Aut\u00f3nomos del Taxi<\/li>\n<li>ASATM. Asociaci\u00f3n Sindical de Aut\u00f3nomos del Taxi de Mallorca<\/li>\n<li>FEBT. Federaci\u00f3n Empresarial Balear de Transporte de mercader\u00edas<\/li>\n<li>CLIA. Asociaci\u00f3n Internacional de L\u00edneas de Cruceros<\/li>\n<li>AEVAB. Asociaci\u00f3n empresarial de alquiler de veh\u00edculos con y sin conductor de Baleares y viajeros, agencias de transporte y alquiler de veh\u00edculos<\/li>\n<\/ul>\n<p><b>SECTOR EMPRESARIAL<\/b><\/p>\n<ul>\n<li>PIMEM. Patronal de la Peque\u00f1a y Mediana Empresa de Mallorca<\/li>\n<li>APEAM. Asociaci\u00f3n Patronal de Empresarios de Actividades Mar\u00edtimes<\/li>\n<\/ul>\n<p><span style=\"letter-spacing: 0em;\">Una comunicaci\u00f3n fluida y constante con los grupos de inter\u00e9s durante el periodo en que duren las obras es una de nuestras prioridades. Aqu\u00ed pod\u00e9is visualizar las actas de las reuniones mantenidas:&nbsp;<\/span><\/p>\n<ul>\n<li>&nbsp;<a style=\"letter-spacing: 0em;\" href=\"https:\/\/noupasseigmaritimdepalma.portsdebalears.com\/wp-content\/uploads\/2022\/11\/Reunion_coordinacion_afectados_Paseo_Maritimo_2022-3-24.pdf\">Reuni\u00f3n coordinaci\u00f3n afectados Paseo Mar\u00edtimo 2022-3-24<\/a><\/li>\n<\/ul>\t\t\t\t\t<\/div>\n\t\t\t\t\t\t<\/div>\n\t\t\t\t<\/div>\n\t\t\t\t\t\t<\/div>\n\t\t\t\t\t<\/div>\n\t\t<\/div>\n\t\t\t\t\t\t\t\t<\/div>\n\t\t\t\t\t<\/div>\n\t\t<\/section>\n\t\t\t\t\t\t<\/div>\n\t\t\t\t\t<\/div>\n\t\t<\/div>\n\t\t\t\t\t\t\t\t<\/div>\n\t\t\t\t\t<\/div>\n\t\t<\/section>\n\t\t\t\t\t\t\t\t\t<\/div>\n\t\t\t<\/div>\n\t\t\t\t\t<\/div>\n\t\t","protected":false},"excerpt":{"rendered":"<p>El Nuevo Paseo Mar\u00edtimo de Palma es obra de todos y de todas, pero especialmente de las personas que trabajamos, vivimos y paseamos en \u00e9l. Desde la APB hemos destacado diversos colectivos con una estrecha relaci\u00f3n con este paseo tan vital&#8230;<\/p>\n","protected":false},"author":1,"featured_media":0,"parent":0,"menu_order":0,"comment_status":"closed","ping_status":"closed","template":"","meta":{"footnotes":""},"class_list":["post-13079","page","type-page","status-publish","hentry"],"aioseo_notices":[],"_links":{"self":[{"href":"https:\/\/noupasseigmaritimdepalma.portsdebalears.com\/es\/wp-json\/wp\/v2\/pages\/13079","targetHints":{"allow":["GET"]}}],"collection":[{"href":"https:\/\/noupasseigmaritimdepalma.portsdebalears.com\/es\/wp-json\/wp\/v2\/pages"}],"about":[{"href":"https:\/\/noupasseigmaritimdepalma.portsdebalears.com\/es\/wp-json\/wp\/v2\/types\/page"}],"author":[{"embeddable":true,"href":"https:\/\/noupasseigmaritimdepalma.portsdebalears.com\/es\/wp-json\/wp\/v2\/users\/1"}],"replies":[{"embeddable":true,"href":"https:\/\/noupasseigmaritimdepalma.portsdebalears.com\/es\/wp-json\/wp\/v2\/comments?post=13079"}],"version-history":[{"count":20,"href":"https:\/\/noupasseigmaritimdepalma.portsdebalears.com\/es\/wp-json\/wp\/v2\/pages\/13079\/revisions"}],"predecessor-version":[{"id":13891,"href":"https:\/\/noupasseigmaritimdepalma.portsdebalears.com\/es\/wp-json\/wp\/v2\/pages\/13079\/revisions\/13891"}],"wp:attachment":[{"href":"https:\/\/noupasseigmaritimdepalma.portsdebalears.com\/es\/wp-json\/wp\/v2\/media?parent=13079"}],"curies":[{"name":"wp","href":"https:\/\/api.w.org\/{rel}","templated":true}]}}