{"id":13061,"date":"2022-11-29T15:55:49","date_gmt":"2022-11-29T14:55:49","guid":{"rendered":"https:\/\/noupasseigmaritimdepalma.portsdebalears.com\/autors\/"},"modified":"2022-12-20T13:55:15","modified_gmt":"2022-12-20T12:55:15","slug":"autores","status":"publish","type":"page","link":"https:\/\/noupasseigmaritimdepalma.portsdebalears.com\/es\/autores\/","title":{"rendered":"Los autores"},"content":{"rendered":"\t\t<div data-elementor-type=\"wp-page\" data-elementor-id=\"13061\" class=\"elementor elementor-13061 elementor-12509\">\n\t\t\t\t\t\t<div class=\"elementor-inner\">\n\t\t\t\t<div class=\"elementor-section-wrap\">\n\t\t\t\t\t\t\t\t\t<section class=\"elementor-section elementor-top-section elementor-element elementor-element-d95d0c2 elementor-section-boxed elementor-section-height-default elementor-section-height-default\" data-id=\"d95d0c2\" data-element_type=\"section\">\n\t\t\t\t\t\t<div class=\"elementor-container elementor-column-gap-default\">\n\t\t\t\t\t\t\t<div class=\"elementor-row\">\n\t\t\t\t\t<div class=\"elementor-column elementor-col-100 elementor-top-column elementor-element elementor-element-bd5e825\" data-id=\"bd5e825\" data-element_type=\"column\">\n\t\t\t<div class=\"elementor-column-wrap elementor-element-populated\">\n\t\t\t\t\t\t\t<div class=\"elementor-widget-wrap\">\n\t\t\t\t\t\t<div class=\"elementor-element elementor-element-7013ad7 elementor-widget elementor-widget-industrium_heading\" data-id=\"7013ad7\" data-element_type=\"widget\" data-widget_type=\"industrium_heading.default\">\n\t\t\t\t<div class=\"elementor-widget-container\">\n\t\t\t<div class=\"industrium-heading-widget\"><h2 class=\"industrium-heading\"><span class=\"industrium-heading-content\"><strong>TYPSA<\/strong><\/span><\/h2><\/div>\t\t<\/div>\n\t\t\t\t<\/div>\n\t\t\t\t<div class=\"elementor-element elementor-element-f367525 elementor-widget elementor-widget-text-editor\" data-id=\"f367525\" data-element_type=\"widget\" data-widget_type=\"text-editor.default\">\n\t\t\t\t<div class=\"elementor-widget-container\">\n\t\t\t\t\t\t\t\t<div class=\"elementor-text-editor elementor-clearfix\">\n\t\t\t\t<p class=\"MsoNormal\">El grupo TYPSA tiene m\u00e1s de 50 a\u00f1os de experiencia en consultor\u00eda y servicios para empresas privadas y la administraci\u00f3n p\u00fablica en soluciones de infraestructuras, energ\u00eda, medio ambiente y urbanismo.<\/p><p class=\"MsoNormal\">Alguno de los grandes proyectos de los que TYPSA ha formado parte son la EXPO 92 de Sevilla, la remodelaci\u00f3n del estadio Santiago Bernab\u00e9u y remodelaciones de aeropuertos en Brasil o Arabia saud\u00ed. <\/p><p class=\"MsoNormal\">Trabajan alrededor por todo el mundo en todo tipo de infraestructuras, des de bases navales, v\u00edas de tren o metro, presas hidr\u00e1ulicas, carreteras\u2026<\/p>\t\t\t\t\t<\/div>\n\t\t\t\t\t\t<\/div>\n\t\t\t\t<\/div>\n\t\t\t\t\t\t<\/div>\n\t\t\t\t\t<\/div>\n\t\t<\/div>\n\t\t\t\t\t\t\t\t<\/div>\n\t\t\t\t\t<\/div>\n\t\t<\/section>\n\t\t\t\t<section class=\"elementor-section elementor-top-section elementor-element elementor-element-6643578 elementor-section-boxed elementor-section-height-default elementor-section-height-default\" data-id=\"6643578\" data-element_type=\"section\">\n\t\t\t\t\t\t<div class=\"elementor-container elementor-column-gap-default\">\n\t\t\t\t\t\t\t<div class=\"elementor-row\">\n\t\t\t\t\t<div class=\"elementor-column elementor-col-100 elementor-top-column elementor-element elementor-element-b68ccae\" data-id=\"b68ccae\" data-element_type=\"column\">\n\t\t\t<div class=\"elementor-column-wrap elementor-element-populated\">\n\t\t\t\t\t\t\t<div class=\"elementor-widget-wrap\">\n\t\t\t\t\t\t<div class=\"elementor-element elementor-element-d1506a0 elementor-widget elementor-widget-industrium_heading\" data-id=\"d1506a0\" data-element_type=\"widget\" data-widget_type=\"industrium_heading.default\">\n\t\t\t\t<div class=\"elementor-widget-container\">\n\t\t\t<div class=\"industrium-heading-widget\"><h2 class=\"industrium-heading\"><span class=\"industrium-heading-content\">JAMLET<\/span><\/h2><\/div>\t\t<\/div>\n\t\t\t\t<\/div>\n\t\t\t\t<div class=\"elementor-element elementor-element-8feda5d elementor-widget elementor-widget-text-editor\" data-id=\"8feda5d\" data-element_type=\"widget\" data-widget_type=\"text-editor.default\">\n\t\t\t\t<div class=\"elementor-widget-container\">\n\t\t\t\t\t\t\t\t<div class=\"elementor-text-editor elementor-clearfix\">\n\t\t\t\t<p>Con sede en Barcelona, Jamlet es un estudio de arquitecturas con una reputada trayectoria de m\u00e1s de medio siglo. Lo conforman el ibicenco El\u00edas Torres y el catal\u00e1n Juan Antonio Mart\u00ednez Lape\u00f1a.<\/p><p>La obra de Jamlet ha sido reconocida con prestigiosos galardones como el Premio Nacional de Arquitectura 2016 del Ministerio de Fomento o la RIBA fellowship por parte del Instituto de Arquitectos brit\u00e1nicos. <\/p><p>Torres y Mart\u00ednez Lape\u00f1a destacan por una arquitectura muy diversa. Por \u201csaber encajar, transformar y convertir los elementos. Dar vida a proyectos inveros\u00edmiles, que hacen posibles nuevas oportunidades donde otros no las hab\u00edan visto.\u201d.<\/p><p>Entre el gran n\u00famero de proyectos que han hecho hasta el momento por todo el mundo, se incluyen las obras de restauraci\u00f3n del Parc G\u00fcell de Barcelona, del Castillo de Bellver o el dise\u00f1o del Museo de Arte de Kumamoto, en Jap\u00f3n.<\/p><p>Como profesores, Torres y Mar\u00ednez Lape\u00f1a han dado clase en la Escuela T\u00e9cnica Superior de Arquitectura de Barcelona y en el caso de Torres en las universidades de UCLA y Harvard en Estados Unidos.<\/p>\t\t\t\t\t<\/div>\n\t\t\t\t\t\t<\/div>\n\t\t\t\t<\/div>\n\t\t\t\t\t\t<\/div>\n\t\t\t\t\t<\/div>\n\t\t<\/div>\n\t\t\t\t\t\t\t\t<\/div>\n\t\t\t\t\t<\/div>\n\t\t<\/section>\n\t\t\t\t\t\t\t\t\t<\/div>\n\t\t\t<\/div>\n\t\t\t\t\t<\/div>\n\t\t","protected":false},"excerpt":{"rendered":"<p>El grupo TYPSA tiene m\u00e1s de 50 a\u00f1os de experiencia en consultor\u00eda y servicios para empresas privadas y la administraci\u00f3n p\u00fablica en soluciones de infraestructuras, energ\u00eda, medio ambiente y urbanismo. Alguno de los grandes proyectos de los que TYPSA ha formado&#8230;<\/p>\n","protected":false},"author":1,"featured_media":0,"parent":0,"menu_order":0,"comment_status":"closed","ping_status":"closed","template":"","meta":{"footnotes":""},"class_list":["post-13061","page","type-page","status-publish","hentry"],"aioseo_notices":[],"_links":{"self":[{"href":"https:\/\/noupasseigmaritimdepalma.portsdebalears.com\/es\/wp-json\/wp\/v2\/pages\/13061","targetHints":{"allow":["GET"]}}],"collection":[{"href":"https:\/\/noupasseigmaritimdepalma.portsdebalears.com\/es\/wp-json\/wp\/v2\/pages"}],"about":[{"href":"https:\/\/noupasseigmaritimdepalma.portsdebalears.com\/es\/wp-json\/wp\/v2\/types\/page"}],"author":[{"embeddable":true,"href":"https:\/\/noupasseigmaritimdepalma.portsdebalears.com\/es\/wp-json\/wp\/v2\/users\/1"}],"replies":[{"embeddable":true,"href":"https:\/\/noupasseigmaritimdepalma.portsdebalears.com\/es\/wp-json\/wp\/v2\/comments?post=13061"}],"version-history":[{"count":5,"href":"https:\/\/noupasseigmaritimdepalma.portsdebalears.com\/es\/wp-json\/wp\/v2\/pages\/13061\/revisions"}],"predecessor-version":[{"id":13105,"href":"https:\/\/noupasseigmaritimdepalma.portsdebalears.com\/es\/wp-json\/wp\/v2\/pages\/13061\/revisions\/13105"}],"wp:attachment":[{"href":"https:\/\/noupasseigmaritimdepalma.portsdebalears.com\/es\/wp-json\/wp\/v2\/media?parent=13061"}],"curies":[{"name":"wp","href":"https:\/\/api.w.org\/{rel}","templated":true}]}}