{"id":13055,"date":"2022-11-29T15:44:11","date_gmt":"2022-11-29T14:44:11","guid":{"rendered":"https:\/\/noupasseigmaritimdepalma.portsdebalears.com\/promotors\/"},"modified":"2023-08-22T11:28:43","modified_gmt":"2023-08-22T10:28:43","slug":"promotores","status":"publish","type":"page","link":"https:\/\/noupasseigmaritimdepalma.portsdebalears.com\/es\/promotores\/","title":{"rendered":"Los promotores"},"content":{"rendered":"\t\t<div data-elementor-type=\"wp-page\" data-elementor-id=\"13055\" class=\"elementor elementor-13055 elementor-12487\">\n\t\t\t\t\t\t<div class=\"elementor-inner\">\n\t\t\t\t<div class=\"elementor-section-wrap\">\n\t\t\t\t\t\t\t\t\t<section class=\"elementor-section elementor-top-section elementor-element elementor-element-38325d6f elementor-section-boxed elementor-section-height-default elementor-section-height-default\" data-id=\"38325d6f\" data-element_type=\"section\">\n\t\t\t\t\t\t<div class=\"elementor-container elementor-column-gap-default\">\n\t\t\t\t\t\t\t<div class=\"elementor-row\">\n\t\t\t\t\t<div class=\"elementor-column elementor-col-100 elementor-top-column elementor-element elementor-element-1a3ab2c8\" data-id=\"1a3ab2c8\" data-element_type=\"column\">\n\t\t\t<div class=\"elementor-column-wrap elementor-element-populated\">\n\t\t\t\t\t\t\t<div class=\"elementor-widget-wrap\">\n\t\t\t\t\t\t<section class=\"elementor-section elementor-inner-section elementor-element elementor-element-2bd58a9c elementor-section-boxed elementor-section-height-default elementor-section-height-default\" data-id=\"2bd58a9c\" data-element_type=\"section\">\n\t\t\t\t\t\t<div class=\"elementor-container elementor-column-gap-default\">\n\t\t\t\t\t\t\t<div class=\"elementor-row\">\n\t\t\t\t\t<div class=\"elementor-column elementor-col-33 elementor-inner-column elementor-element elementor-element-9ae91f7\" data-id=\"9ae91f7\" data-element_type=\"column\">\n\t\t\t<div class=\"elementor-column-wrap elementor-element-populated\">\n\t\t\t\t\t\t\t<div class=\"elementor-widget-wrap\">\n\t\t\t\t\t\t<div class=\"elementor-element elementor-element-45859010 elementor-widget elementor-widget-image\" data-id=\"45859010\" data-element_type=\"widget\" data-widget_type=\"image.default\">\n\t\t\t\t<div class=\"elementor-widget-container\">\n\t\t\t\t\t\t\t\t<div class=\"elementor-image\">\n\t\t\t\t\t\t\t\t\t\t\t\t<img loading=\"lazy\" decoding=\"async\" width=\"900\" height=\"440\" src=\"https:\/\/noupasseigmaritimdepalma.portsdebalears.com\/wp-content\/uploads\/2022\/12\/APB.jpg\" class=\"attachment-large size-large\" alt=\"Apb\" srcset=\"https:\/\/noupasseigmaritimdepalma.portsdebalears.com\/wp-content\/uploads\/2022\/12\/APB.jpg 900w, https:\/\/noupasseigmaritimdepalma.portsdebalears.com\/wp-content\/uploads\/2022\/12\/APB-300x147.jpg 300w, https:\/\/noupasseigmaritimdepalma.portsdebalears.com\/wp-content\/uploads\/2022\/12\/APB-768x375.jpg 768w, https:\/\/noupasseigmaritimdepalma.portsdebalears.com\/wp-content\/uploads\/2022\/12\/APB-600x293.jpg 600w\" sizes=\"auto, (max-width: 900px) 100vw, 900px\" \/>\t\t\t\t\t\t\t\t\t\t\t\t\t\t<\/div>\n\t\t\t\t\t\t<\/div>\n\t\t\t\t<\/div>\n\t\t\t\t\t\t<\/div>\n\t\t\t\t\t<\/div>\n\t\t<\/div>\n\t\t\t\t<div class=\"elementor-column elementor-col-66 elementor-inner-column elementor-element elementor-element-12b996d1\" data-id=\"12b996d1\" data-element_type=\"column\">\n\t\t\t<div class=\"elementor-column-wrap elementor-element-populated\">\n\t\t\t\t\t\t\t<div class=\"elementor-widget-wrap\">\n\t\t\t\t\t\t<div class=\"elementor-element elementor-element-7252fe55 elementor-widget elementor-widget-industrium_heading\" data-id=\"7252fe55\" data-element_type=\"widget\" data-widget_type=\"industrium_heading.default\">\n\t\t\t\t<div class=\"elementor-widget-container\">\n\t\t\t<div class=\"industrium-heading-widget\"><h2 class=\"industrium-heading\"><span class=\"industrium-heading-content\">AUTORIDAD PORTUARIA DE BALEARES<\/span><\/h2><\/div>\t\t<\/div>\n\t\t\t\t<\/div>\n\t\t\t\t<div class=\"elementor-element elementor-element-982bdcb elementor-widget elementor-widget-text-editor\" data-id=\"982bdcb\" data-element_type=\"widget\" data-widget_type=\"text-editor.default\">\n\t\t\t\t<div class=\"elementor-widget-container\">\n\t\t\t\t\t\t\t\t<div class=\"elementor-text-editor elementor-clearfix\">\n\t\t\t\t<p>Desde el a\u00f1o 1992, una nueva Lley de Puertos y de la Marina Mercante da lugar a la creaci\u00f3n de las autoridades portuarias. Se trata de organismos p\u00fablicos que gestionan los puertos de inter\u00e9s general y que se agrupan en Puertos del Estado. Esta entidad depende del Ministerio de Transportes, Movilidad y Agenda Urbana.<\/p><p>En el caso de la APB, tiene asignada la gesti\u00f3n de los puertos de Palma, Mah\u00f3n, Ibiza Eivissa y La la Savina<\/p>\t\t\t\t\t<\/div>\n\t\t\t\t\t\t<\/div>\n\t\t\t\t<\/div>\n\t\t\t\t\t\t<\/div>\n\t\t\t\t\t<\/div>\n\t\t<\/div>\n\t\t\t\t\t\t\t\t<\/div>\n\t\t\t\t\t<\/div>\n\t\t<\/section>\n\t\t\t\t<div class=\"elementor-element elementor-element-2d253576 elementor-widget elementor-widget-text-editor\" data-id=\"2d253576\" data-element_type=\"widget\" data-widget_type=\"text-editor.default\">\n\t\t\t\t<div class=\"elementor-widget-container\">\n\t\t\t\t\t\t\t\t<div class=\"elementor-text-editor elementor-clearfix\">\n\t\t\t\t<p><strong>Las competencias de la APB incluyen<\/strong>:<\/p><ul><li>Control, autorizaci\u00f3n y realizaci\u00f3n de las operaciones mar\u00edtimas y terrestres relacionadas con el tr\u00e1fico y servicio portuario.<\/li><li>Ordenaci\u00f3n de la zona de servicio del puerto y de los usos portuarios.<\/li><li>Planificaci\u00f3n, proyecto, construcci\u00f3n, conservaci\u00f3n y explotaci\u00f3n de las obras de servicios del puerto y de se\u00f1ales mar\u00edtimas.<\/li><li>Gesti\u00f3n del dominio portuario y de las se\u00f1ales mar\u00edtimas.<\/li><li>Fomento de las actividades industriales y comerciales relacionadas con el tr\u00e1fico mar\u00edtimo o portuario.<\/li><li>Coordinaci\u00f3n de las operaciones de las diferentes maneras de transporte dentro del espacio portuario.<\/li><\/ul><p>Dentro de este marco competencial, la APB pone en marcha la licitaci\u00f3n de las obras para remodelar el paseo Mar\u00edtimo de Palma. Adem\u00e1s de su funci\u00f3n como promotora de las obras, tambi\u00e9n asume las funciones de direcci\u00f3n de obra.<\/p>\t\t\t\t\t<\/div>\n\t\t\t\t\t\t<\/div>\n\t\t\t\t<\/div>\n\t\t\t\t\t\t<\/div>\n\t\t\t\t\t<\/div>\n\t\t<\/div>\n\t\t\t\t\t\t\t\t<\/div>\n\t\t\t\t\t<\/div>\n\t\t<\/section>\n\t\t\t\t<section class=\"elementor-section elementor-top-section elementor-element elementor-element-594e404 elementor-section-boxed elementor-section-height-default elementor-section-height-default\" data-id=\"594e404\" data-element_type=\"section\">\n\t\t\t\t\t\t<div class=\"elementor-container elementor-column-gap-default\">\n\t\t\t\t\t\t\t<div class=\"elementor-row\">\n\t\t\t\t\t<div class=\"elementor-column elementor-col-100 elementor-top-column elementor-element elementor-element-7a27206\" data-id=\"7a27206\" data-element_type=\"column\">\n\t\t\t<div class=\"elementor-column-wrap elementor-element-populated\">\n\t\t\t\t\t\t\t<div class=\"elementor-widget-wrap\">\n\t\t\t\t\t\t<section class=\"elementor-section elementor-inner-section elementor-element elementor-element-a90d831 elementor-section-boxed elementor-section-height-default elementor-section-height-default\" data-id=\"a90d831\" data-element_type=\"section\">\n\t\t\t\t\t\t<div class=\"elementor-container elementor-column-gap-default\">\n\t\t\t\t\t\t\t<div class=\"elementor-row\">\n\t\t\t\t\t<div class=\"elementor-column elementor-col-33 elementor-inner-column elementor-element elementor-element-6806fb7\" data-id=\"6806fb7\" data-element_type=\"column\">\n\t\t\t<div class=\"elementor-column-wrap elementor-element-populated\">\n\t\t\t\t\t\t\t<div class=\"elementor-widget-wrap\">\n\t\t\t\t\t\t<div class=\"elementor-element elementor-element-38f73bf elementor-widget elementor-widget-image\" data-id=\"38f73bf\" data-element_type=\"widget\" data-widget_type=\"image.default\">\n\t\t\t\t<div class=\"elementor-widget-container\">\n\t\t\t\t\t\t\t\t<div class=\"elementor-image\">\n\t\t\t\t\t\t\t\t\t\t\t\t<img loading=\"lazy\" decoding=\"async\" width=\"1024\" height=\"681\" src=\"https:\/\/noupasseigmaritimdepalma.portsdebalears.com\/wp-content\/uploads\/2023\/08\/Nou-Passeig-Maritim-Ajuntament-1024x681.png\" class=\"attachment-large size-large\" alt=\"Nou-Passeig-Maritim-Ajuntament\" srcset=\"https:\/\/noupasseigmaritimdepalma.portsdebalears.com\/wp-content\/uploads\/2023\/08\/Nou-Passeig-Maritim-Ajuntament-1024x681.png 1024w, https:\/\/noupasseigmaritimdepalma.portsdebalears.com\/wp-content\/uploads\/2023\/08\/Nou-Passeig-Maritim-Ajuntament-300x199.png 300w, https:\/\/noupasseigmaritimdepalma.portsdebalears.com\/wp-content\/uploads\/2023\/08\/Nou-Passeig-Maritim-Ajuntament-768x511.png 768w, https:\/\/noupasseigmaritimdepalma.portsdebalears.com\/wp-content\/uploads\/2023\/08\/Nou-Passeig-Maritim-Ajuntament-1536x1021.png 1536w, https:\/\/noupasseigmaritimdepalma.portsdebalears.com\/wp-content\/uploads\/2023\/08\/Nou-Passeig-Maritim-Ajuntament-600x399.png 600w, https:\/\/noupasseigmaritimdepalma.portsdebalears.com\/wp-content\/uploads\/2023\/08\/Nou-Passeig-Maritim-Ajuntament.png 1805w\" sizes=\"auto, (max-width: 1024px) 100vw, 1024px\" \/>\t\t\t\t\t\t\t\t\t\t\t\t\t\t<\/div>\n\t\t\t\t\t\t<\/div>\n\t\t\t\t<\/div>\n\t\t\t\t\t\t<\/div>\n\t\t\t\t\t<\/div>\n\t\t<\/div>\n\t\t\t\t<div class=\"elementor-column elementor-col-66 elementor-inner-column elementor-element elementor-element-a71061e\" data-id=\"a71061e\" data-element_type=\"column\">\n\t\t\t<div class=\"elementor-column-wrap elementor-element-populated\">\n\t\t\t\t\t\t\t<div class=\"elementor-widget-wrap\">\n\t\t\t\t\t\t<div class=\"elementor-element elementor-element-a5b3427 elementor-widget elementor-widget-industrium_heading\" data-id=\"a5b3427\" data-element_type=\"widget\" data-widget_type=\"industrium_heading.default\">\n\t\t\t\t<div class=\"elementor-widget-container\">\n\t\t\t<div class=\"industrium-heading-widget\"><h2 class=\"industrium-heading\"><span class=\"industrium-heading-content\">AYUNTAMIENTO DE PALMA<\/span><\/h2><\/div>\t\t<\/div>\n\t\t\t\t<\/div>\n\t\t\t\t<div class=\"elementor-element elementor-element-71daece elementor-widget elementor-widget-text-editor\" data-id=\"71daece\" data-element_type=\"widget\" data-widget_type=\"text-editor.default\">\n\t\t\t\t<div class=\"elementor-widget-container\">\n\t\t\t\t\t\t\t\t<div class=\"elementor-text-editor elementor-clearfix\">\n\t\t\t\t<p>El proyecto para un nuevo paseo Mar\u00edtimo se ha podido realizar gracias a un convenio con el ayuntamiento de Palma. El consistorio ha sido parte muy activa en el Proyecto de Remodelaci\u00f3n del Paseo Mar\u00edtimo, tanto en su desarrollo como en su financiaci\u00f3n.<\/p><p>Despu\u00e9s de dos a\u00f1os de negociaciones, informes y solicitudes, gracias a la colaboraci\u00f3n entre las dos administraciones firman el documento en diciembre de 2020<\/p>\t\t\t\t\t<\/div>\n\t\t\t\t\t\t<\/div>\n\t\t\t\t<\/div>\n\t\t\t\t\t\t<\/div>\n\t\t\t\t\t<\/div>\n\t\t<\/div>\n\t\t\t\t\t\t\t\t<\/div>\n\t\t\t\t\t<\/div>\n\t\t<\/section>\n\t\t\t\t<div class=\"elementor-element elementor-element-c547ee2 elementor-widget elementor-widget-text-editor\" data-id=\"c547ee2\" data-element_type=\"widget\" data-widget_type=\"text-editor.default\">\n\t\t\t\t<div class=\"elementor-widget-container\">\n\t\t\t\t\t\t\t\t<div class=\"elementor-text-editor elementor-clearfix\">\n\t\t\t\t<p><span style=\"letter-spacing: 0em;\">El citado <strong>Convenio para la gesti\u00f3n de servicios en explotaci\u00f3n del paseo Mar\u00edtimo Gabriel Roca<\/strong> tiene cuatro objetivos b\u00e1sicos:<\/span><\/p><ul><li><p>Unificar en un \u00fanico nuevo convenio todos los acuerdos previos que sea necesario mantener una vez extinguidos los convenios anteriores.<\/p><\/li><li><p>Plasmar las nuevas actuaciones de la APB y la situaci\u00f3n futura. Ser\u00e1 significativamente diferente una vez finalizadas las obras. Instalaciones y actuaciones fuera de la Zona de Dominio P\u00fablico Portuario pasan a ser de gesti\u00f3n y mantenimiento municipal.<\/p><\/li><li><p>Regular y recoger las acciones de remodelaci\u00f3n, estableciendo una acci\u00f3n coordinada para gestionar las competencias en la zona portuaria ya mencionada.<\/p><\/li><li><p>Adaptar el convenio a la Ley 40\/2015 del R\u00e9gimen Jur\u00eddico del Sector P\u00fablico en cumplimiento de plazo<\/p><\/li><\/ul><p>Puede consultar <a href=\"https:\/\/noupasseigmaritimdepalma.portsdebalears.com\/wp-content\/uploads\/2022\/11\/Convenio_Ayto_Palma_APB_Paseo_Maritimo_Planos_modif_Hacienda_def_PE_2.pdf\">AQU\u00cd<\/a> el convenio<\/p><p>CONVENIO ENTRE EL AYUNTAMIENTO DE PALMA Y LA AUTORIDAD PORTUARIA DE BALEARES PARA LA GESTI\u00d3N DE SERVICIOS EN LA EXPLOTACI\u00d3N DEL PASEO MAR\u00cdTIMO GABRIEL ROCA<\/p>\t\t\t\t\t<\/div>\n\t\t\t\t\t\t<\/div>\n\t\t\t\t<\/div>\n\t\t\t\t\t\t<\/div>\n\t\t\t\t\t<\/div>\n\t\t<\/div>\n\t\t\t\t\t\t\t\t<\/div>\n\t\t\t\t\t<\/div>\n\t\t<\/section>\n\t\t\t\t\t\t\t\t\t<\/div>\n\t\t\t<\/div>\n\t\t\t\t\t<\/div>\n\t\t","protected":false},"excerpt":{"rendered":"<p>Desde el a\u00f1o 1992, una nueva Lley de Puertos y de la Marina Mercante da lugar a la creaci\u00f3n de las autoridades portuarias. Se trata de organismos p\u00fablicos que gestionan los puertos de inter\u00e9s general y que se agrupan en Puertos&#8230;<\/p>\n","protected":false},"author":1,"featured_media":0,"parent":0,"menu_order":0,"comment_status":"closed","ping_status":"closed","template":"","meta":{"footnotes":""},"class_list":["post-13055","page","type-page","status-publish","hentry"],"aioseo_notices":[],"_links":{"self":[{"href":"https:\/\/noupasseigmaritimdepalma.portsdebalears.com\/es\/wp-json\/wp\/v2\/pages\/13055","targetHints":{"allow":["GET"]}}],"collection":[{"href":"https:\/\/noupasseigmaritimdepalma.portsdebalears.com\/es\/wp-json\/wp\/v2\/pages"}],"about":[{"href":"https:\/\/noupasseigmaritimdepalma.portsdebalears.com\/es\/wp-json\/wp\/v2\/types\/page"}],"author":[{"embeddable":true,"href":"https:\/\/noupasseigmaritimdepalma.portsdebalears.com\/es\/wp-json\/wp\/v2\/users\/1"}],"replies":[{"embeddable":true,"href":"https:\/\/noupasseigmaritimdepalma.portsdebalears.com\/es\/wp-json\/wp\/v2\/comments?post=13055"}],"version-history":[{"count":13,"href":"https:\/\/noupasseigmaritimdepalma.portsdebalears.com\/es\/wp-json\/wp\/v2\/pages\/13055\/revisions"}],"predecessor-version":[{"id":18072,"href":"https:\/\/noupasseigmaritimdepalma.portsdebalears.com\/es\/wp-json\/wp\/v2\/pages\/13055\/revisions\/18072"}],"wp:attachment":[{"href":"https:\/\/noupasseigmaritimdepalma.portsdebalears.com\/es\/wp-json\/wp\/v2\/media?parent=13055"}],"curies":[{"name":"wp","href":"https:\/\/api.w.org\/{rel}","templated":true}]}}